{"id":1014,"date":"2024-04-02T15:33:06","date_gmt":"2024-04-02T13:33:06","guid":{"rendered":"https:\/\/www.popterror.com\/?page_id=1014"},"modified":"2025-10-22T17:20:29","modified_gmt":"2025-10-22T15:20:29","slug":"eqso","status":"publish","type":"page","link":"https:\/\/www.popterror.com\/fr\/eqso","title":{"rendered":"Eqso"},"content":{"rendered":"<div  class=\"keblk keblk-v-align-top light-theme keblock-section-lame fullwidth     bg-none\"   style=\"\"  id=\"\">\r\n\t\r\n\t\t<div class=\"block-content\">\r\n                        \r\n                            \n<div  class=\"keblk blkuid-2 keblk-v-align-top keblock-multimedia type-img\" >\r\n\t\r\n\t\t<div class=\"block-content\"  style=\"aspect-ratio:19\/7\" >\t\r\n\t\t\r\n\t\t\t\t<div class=\"visu-bg\" style=\"background-image:url('https:\/\/www.popterror.com\/wp-content\/uploads\/2024\/05\/Eqso-top-1.jpg');background-size:cover;\"><\/div>\r\n\t\t        \r\n\t\t<!-- CONTENT -->\r\n\t\t\t\t\t\t\t\t\t\r\n\t\t\t<\/div>\r\n<\/div>\r\n    \n                            \r\n        \t<\/div>\r\n<\/div>\r\n    \n\n<div  class=\"keblk keblk-v-align-top keblock-conteneur bg-color bg-color-black\"   style=\"padding:20px\"  >\r\n\t\r\n\t\r\n\t\t<div class=\"block-content\">\t\t\r\n\t\n<div  class=\"keblk keblk-v-align-top keblock-text txt-color-white\"   style=\"\" >\r\n\t\r\n\t\t\r\n\t<div class=\"block-content\">\t\r\n        \t\n\n<h1 class=\"wp-block-heading has-text-align-center\">Collection de Art Toys<\/h1>\n\n\n\n<h2 class=\"wp-block-heading has-text-align-center style-4\">D\u00e9couvrez l\u2019univers cr\u00e9atif EQSO<\/h2>\n\n\r\n\t<\/div>\r\n<\/div>\r\n    \n\r\n\t<\/div>\r\n\t\t\r\n<\/div>\r\n    \n\n<div  class=\"keblk keblk-v-align-top keblock-section-lame responsive is-padded    bg-color bg-color-black\"   style=\"\"  id=\"\">\r\n\t\r\n\t\t<div class=\"block-content\">\r\n                        \r\n                            \n\n<div class=\"wp-block-columns is-layout-flex wp-container-core-columns-is-layout-28f84493 wp-block-columns-is-layout-flex\">\n<div class=\"wp-block-column is-vertically-aligned-center is-layout-flow wp-block-column-is-layout-flow\" style=\"flex-basis:25%\"><\/div>\n\n\n\n<div class=\"wp-block-column is-layout-flow wp-block-column-is-layout-flow\" style=\"flex-basis:50%\"><div  class=\"keblk blkuid-6 keblk-v-align-top keblock-3d\" >\r\n\t\r\n\t\t<div class=\"block-content\"  style=\"aspect-ratio:1\/1\" >\t\r\n\t<div class=\"wrapper-3D\">\r\n    <div class=\"content\">\r\n        <div class=\"layer-loading\">\r\n            <div class=\"loading\">\r\n                <div class=\"loading-progress\"><\/div>\r\n            <\/div>\r\n        <\/div>\r\n        <div class=\"threejscontent\"><\/div>\r\n    <\/div>\r\n    <script async type=\"importmap\">{\"imports\":{\"three\":\"https:\\\/\\\/www.popterror.com\\\/wp-content\\\/themes\\\/popterror2512_4\\\/assets3D\\\/js\\\/build\\\/three.module.js\",\"@tweenjs\\\/tween.js\":\"https:\\\/\\\/www.popterror.com\\\/wp-content\\\/themes\\\/popterror2512_4\\\/assets3D\\\/js\\\/@tweenjs\\\/tween.js\\\/dist\\\/tween.esm.js\"}}<\/script>  \r\n    <link type=\"text\/css\" rel=\"stylesheet\" href=\"https:\/\/www.popterror.com\/wp-content\/themes\/popterror2512_4\/assets3D\/css\/popterror.css\">\r\n    <script async type=\"module\" src=\"https:\/\/www.popterror.com\/wp-content\/themes\/popterror2512_4\/assets3D\/js\/core3d.js\"><\/script> \r\n<\/div>\t\t\r\n    \t\t\t<div class=\"dragicon\"><\/div>\r\n\t\t\r\n\t<\/div>\r\n<\/div>\r\n    <\/div>\n\n\n\n<div class=\"wp-block-column is-vertically-aligned-center is-layout-flow wp-block-column-is-layout-flow\" style=\"flex-basis:25%\"><div class=\"wp-block-image\">\n<figure class=\"aligncenter size-medium is-resized\"><img decoding=\"async\" width=\"360\" height=\"241\" src=\"https:\/\/www.popterror.com\/wp-content\/uploads\/2024\/05\/eqso-taille4.svg\" alt=\"\" class=\"wp-image-1570\" style=\"object-fit:contain;width:240px;height:160px\"\/><\/figure>\n<\/div><\/div>\n<\/div>\n\n                            \r\n        \t<\/div>\r\n<\/div>\r\n    \n\n<div  class=\"keblk keblk-v-align-top light-theme keblock-section-lame responsive is-padded    bg-none\"   style=\"\"  id=\"\">\r\n\t\r\n\t\t<div class=\"block-content\">\r\n                        \r\n                            \n<div  class=\"keblk keblk-v-align-top keblock-text\"   style=\"\" >\r\n\t\r\n\t\t\r\n\t<div class=\"block-content\">\t\r\n        \t\n<div class=\"wp-block-image\">\n<figure class=\"aligncenter size-large is-resized\"><img decoding=\"async\" width=\"60\" height=\"124\" src=\"https:\/\/www.popterror.com\/wp-content\/uploads\/2024\/05\/eclair-icon.svg\" alt=\"\" class=\"wp-image-1568\" style=\"width:auto;height:80px\"\/><\/figure>\n<\/div>\n\n\n<h2 class=\"wp-block-heading has-text-align-center\">Figurines de cr\u00e9ateurs<\/h2>\n\n\n\n<p class=\"has-text-align-center style-5\">On est ravis de vous pr\u00e9senter notre premi\u00e8re collection de Art Toy financ\u00e9e sur<\/p>\n\n\n<div class=\"wp-block-image\">\n<figure class=\"aligncenter size-full is-resized\"><img decoding=\"async\" width=\"244\" height=\"25\" src=\"https:\/\/www.popterror.com\/wp-content\/uploads\/2024\/05\/kickstarter-logo.webp\" alt=\"\" class=\"wp-image-1566\" style=\"width:244px;height:auto\"\/><\/figure>\n<\/div>\n\r\n\t<\/div>\r\n<\/div>\r\n    \n                            \r\n        \t<\/div>\r\n<\/div>\r\n    \n\n<div  class=\"keblk keblk-v-align-top keblock-section-lame fullwidth_marged is-padded    bg-none\"   style=\"\"  id=\"\">\r\n\t\r\n\t\t<div class=\"block-content\">\r\n                        \r\n                            \n\n<div class=\"wp-block-columns is-layout-flex wp-container-core-columns-is-layout-28f84493 wp-block-columns-is-layout-flex\">\n<div class=\"wp-block-column is-vertically-aligned-center is-layout-flow wp-block-column-is-layout-flow\">\t<div  class=\"keblk keblk-v-align-top keblock-postgrid nbcol-3\"   style=\"\"  id=\"KPG_blkuid-10\" data-load=\"eyJwZ190eXBlIjoicHJvZHVjdCIsInBnX3R5cGVfcHJvZHVjdCI6eyJjYXQiOiIiLCJ0YWciOiIiLCJpZ25vcmUiOmZhbHNlfSwicGdfc29ydF9maWVsZCI6ImRhdGUiLCJwZ19zb3J0X29yZGVyIjoiREVTQyIsInBnX2FmZl9uYmNvbCI6IjMiLCJwZ19hZmZfbG90IjpmYWxzZSwicGdfYWZmX25ibWF4IjoiMyIsInBnX2FmZl9maWx0ZXJzIjpmYWxzZSwicGdfYmxrZGVzaWduX2NsYXNzIjoiYmxrLXR5cGUtcHJvZHVpdCIsInBnX2Jsa2Rlc2lnbl9tYXJnaW4iOiIxMCJ9\">\r\n\t\t\t\t<div class=\"postgrid-content\">\r\n\t\t\t\t\t\t<div class=\"postgrid-content--header\">\r\n\t\t\t\t\t\t\t\r\n\t\t\t<\/div>\r\n\t\t\t<div class=\"postgrid-content--content\" style=\"gap:10px\">\r\n\t\t\t\r\n\t<div class=\"kpg-block-wrapper blk-type-produit \">\r\n\t\t<div class=\"badge \"><\/div>\r\n\t\t<div class=\"kpg-block\">\t\r\n\t\t\t<div class=\"visuel\" style=\"background-image:url('https:\/\/www.popterror.com\/wp-content\/uploads\/2025\/10\/2025-eqso-dark-vig-1.png');\">\r\n\t\t\t\t<div class=\"img-roll\" style=\"background-image:url('https:\/\/www.popterror.com\/wp-content\/uploads\/2025\/10\/2025-eqso-dark-insitu-2.jpg');\"><\/div>\r\n\t\t\t<\/div>\r\n\t\t\t<div class=\"content\">\r\n\t\t\t\t\t\t\t\t<h3 class=\"title\">Dark Light<\/h3>\r\n\t\t\t\t<p class=\"desc\">EQSO Art Toy <\/p>\t\t\t\t<p class=\"price\"><span class=\"woocommerce-Price-amount amount\"><bdi>55,00&nbsp;<span class=\"woocommerce-Price-currencySymbol\">&euro;<\/span><\/bdi><\/span><\/p>\r\n\t\t\t\t<div class=\"zone_cta\">\r\n\t\t\t\t\t<a class=\"cta learn_more\" href=\"https:\/\/www.popterror.com\/fr\/produit\/dark-light\">D\u00e9couvrir<\/a>\r\n\t\t\t\t\t<!-- <a class=\"cta cart\" href=\"\/fr\/wp-json\/wp\/v2\/pages\/1014?add-to-cart=2863\">Add to cart<\/a> -->\r\n\t\t\t\t<\/div>\r\n\t\t\t<\/div>\r\n\t\t<\/div>\r\n\t<\/div>\r\n\r\n\t\r\n\t<div class=\"kpg-block-wrapper blk-type-produit \">\r\n\t\t<div class=\"badge \"><\/div>\r\n\t\t<div class=\"kpg-block\">\t\r\n\t\t\t<div class=\"visuel\" style=\"background-image:url('https:\/\/www.popterror.com\/wp-content\/uploads\/2025\/10\/2025-eqso-red-vig.png');\">\r\n\t\t\t\t<div class=\"img-roll\" style=\"background-image:url('https:\/\/www.popterror.com\/wp-content\/uploads\/2025\/10\/2025-eqso-red-04.jpg');\"><\/div>\r\n\t\t\t<\/div>\r\n\t\t\t<div class=\"content\">\r\n\t\t\t\t\t\t\t\t<h3 class=\"title\">Xtra Red<\/h3>\r\n\t\t\t\t<p class=\"desc\">EQSO Art Toy <\/p>\t\t\t\t<p class=\"price\"><span class=\"woocommerce-Price-amount amount\"><bdi>55,00&nbsp;<span class=\"woocommerce-Price-currencySymbol\">&euro;<\/span><\/bdi><\/span><\/p>\r\n\t\t\t\t<div class=\"zone_cta\">\r\n\t\t\t\t\t<a class=\"cta learn_more\" href=\"https:\/\/www.popterror.com\/fr\/produit\/xtra-red\">D\u00e9couvrir<\/a>\r\n\t\t\t\t\t<!-- <a class=\"cta cart\" href=\"\/fr\/wp-json\/wp\/v2\/pages\/1014?add-to-cart=2803\">Add to cart<\/a> -->\r\n\t\t\t\t<\/div>\r\n\t\t\t<\/div>\r\n\t\t<\/div>\r\n\t<\/div>\r\n\r\n\t\r\n\t<div class=\"kpg-block-wrapper blk-type-produit \">\r\n\t\t<div class=\"badge \"><\/div>\r\n\t\t<div class=\"kpg-block\">\t\r\n\t\t\t<div class=\"visuel\" style=\"background-image:url('https:\/\/www.popterror.com\/wp-content\/uploads\/2025\/10\/2025-eqso-purple-vig.png');\">\r\n\t\t\t\t<div class=\"img-roll\" style=\"background-image:url('https:\/\/www.popterror.com\/wp-content\/uploads\/2025\/10\/2025-eqso-purple-insitu-2.jpg');\"><\/div>\r\n\t\t\t<\/div>\r\n\t\t\t<div class=\"content\">\r\n\t\t\t\t\t\t\t\t<h3 class=\"title\">Purple Fire<\/h3>\r\n\t\t\t\t<p class=\"desc\">EQSO Art Toy <\/p>\t\t\t\t<p class=\"price\"><span class=\"woocommerce-Price-amount amount\"><bdi>55,00&nbsp;<span class=\"woocommerce-Price-currencySymbol\">&euro;<\/span><\/bdi><\/span><\/p>\r\n\t\t\t\t<div class=\"zone_cta\">\r\n\t\t\t\t\t<a class=\"cta learn_more\" href=\"https:\/\/www.popterror.com\/fr\/produit\/purple-fire\">D\u00e9couvrir<\/a>\r\n\t\t\t\t\t<!-- <a class=\"cta cart\" href=\"\/fr\/wp-json\/wp\/v2\/pages\/1014?add-to-cart=2848\">Add to cart<\/a> -->\r\n\t\t\t\t<\/div>\r\n\t\t\t<\/div>\r\n\t\t<\/div>\r\n\t<\/div>\r\n\r\n\t\t\t\t<\/div>\r\n\t\t\t\t\r\n\t\t<\/div>\r\n\t\t\t<\/div>\r\n    <\/div>\n<\/div>\n\n                            \r\n        \t<\/div>\r\n<\/div>\r\n    \n\n<div  class=\"keblk keblk-v-align-top light-theme keblock-section-lame responsive is-padded    bg-none\"   style=\"\"  id=\"\">\r\n\t\r\n\t\t<div class=\"block-content\">\r\n                        \r\n                            \n<div  class=\"keblk keblk-v-align-top keblock-text\"   style=\"\" >\r\n\t\r\n\t\t\r\n\t<div class=\"block-content\">\t\r\n        \t\n\n<h2 class=\"wp-block-heading has-text-align-center\">Un univers cr\u00e9atif complet<\/h2>\n\n\n\n<p class=\"has-text-align-center\">Entre 2006 et 2015, le t\u00e9lescope XO a annonc\u00e9 la d\u00e9couverte d\u2019une s\u00e9rie d\u2019\u00e9toiles et d\u2019exoplan\u00e8tes nomm\u00e9es XO-1, XO-2 et XO-3. L\u2019une des plan\u00e8tes XO et ses habitants (EQSO) s\u2019est alors int\u00e9ress\u00e9e \u00e0 notre plan\u00e8te en retour.<\/p>\n\n\n<div class=\"wp-block-image\">\n<figure class=\"aligncenter size-large is-resized\"><img decoding=\"async\" width=\"330\" height=\"140\" src=\"https:\/\/www.popterror.com\/wp-content\/uploads\/2024\/05\/logo-eqso-2.svg\" alt=\"\" class=\"wp-image-1498\" style=\"width:auto;height:80px\"\/><\/figure>\n<\/div>\n\n\n<p class=\"has-text-align-center style-5\">\u201c <em>Sur notre plan\u00e8te, tout est gris et triste.<\/em><br><em>Ici on vient de d\u00e9couvrir votre pop culture et franchement \u00e7a le fait grave !&nbsp;<\/em>\u201c<\/p>\n\n\r\n\t<\/div>\r\n<\/div>\r\n    \n                            \r\n        \t<\/div>\r\n<\/div>\r\n    \n\n<div  class=\"keblk keblk-v-align-top light-theme keblock-section-lame responsive     bg-color bg-color-white\"   style=\"\"  id=\"\">\r\n\t\r\n\t\t<div class=\"block-content\">\r\n                        \r\n                            \n\n<div class=\"wp-block-columns is-layout-flex wp-container-core-columns-is-layout-28f84493 wp-block-columns-is-layout-flex\">\n<div class=\"wp-block-column is-vertically-aligned-center is-layout-flow wp-block-column-is-layout-flow\"><div  class=\"keblk keblk-v-align-top keblock-conteneur\"   style=\"padding:0px\"  >\r\n\t\r\n\t\r\n\t\t<div class=\"block-content\">\t\t\r\n\t\n<div  class=\"keblk blkuid-14 keblk-v-align-top montage-eqso keblock-multimedia type-montage\" >\r\n\t\r\n\t\t<div class=\"block-content\"  style=\"aspect-ratio:5\/3\" >\t\r\n\t\t\r\n\t\t\t\t<div class=\"visu-bg\" style=\"\"><\/div>\r\n\t\t        \r\n\t\t<!-- CONTENT -->\r\n\t\t\t\t\t\t\t\t\t\r\n\t\t\t\t\t<div class=\"montage-media nbimg-3 vertical\"><div class=\"imgcell img-1\" style=\"background-image: url('https:\/\/www.popterror.com\/wp-content\/uploads\/2024\/02\/perso_assis-xo-1200-1024x1024.jpg');\"><\/div><div class=\"imgcell img-2\" style=\"background-image: url('https:\/\/www.popterror.com\/wp-content\/uploads\/2024\/05\/Pdp-02-03-1024x1024.jpg');\"><\/div><div class=\"imgcell img-3\" style=\"background-image: url('https:\/\/www.popterror.com\/wp-content\/uploads\/2024\/02\/tag-eqso-1024x576.jpg');\"><\/div><\/div>\r\n\t\t\t<\/div>\r\n<\/div>\r\n    \n\r\n\t<\/div>\r\n\t\t\r\n<\/div>\r\n    <\/div>\n<\/div>\n\n                            \r\n        \t<\/div>\r\n<\/div>\r\n    \n\n<div  class=\"keblk keblk-v-align-top light-theme keblock-section-lame responsive     bg-none\"   style=\"\"  id=\"\">\r\n\t\r\n\t\t<div class=\"block-content\">\r\n                        \r\n                            \n\n<div class=\"wp-block-columns is-layout-flex wp-container-core-columns-is-layout-28f84493 wp-block-columns-is-layout-flex\">\n<div class=\"wp-block-column is-vertically-aligned-center is-layout-flow wp-block-column-is-layout-flow\">\n<iframe width=\"100%\" style=\"aspect-ratio:16\/9\" src=\"https:\/\/www.youtube.com\/embed\/4AQtKEbOUpk?si=smi5NcHOSZUH1ff3\" title=\"YouTube video player\" frameborder=\"0\" allow=\"web-share\" allowfullscreen><\/iframe>\n<\/div>\n<\/div>\n\n                            \r\n        \t<\/div>\r\n<\/div>\r\n    \n\n<div  class=\"keblk keblk-v-align-top light-theme keblock-section-lame responsive is-padded    bg-color bg-color-white\"   style=\"\"  id=\"\">\r\n\t\r\n\t\t<div class=\"block-content\">\r\n                        \r\n                            \n<div  class=\"keblk keblk-v-align-top keblock-text\"   style=\"\" >\r\n\t\r\n\t\t\r\n\t<div class=\"block-content\">\t\r\n        \t\n\n<p class=\"has-text-align-center style-3\">Tu veux en savoir plus sur ce projet ?<\/p>\n\n\n<div  class=\"keblk keblk-h-align-center keblk-v-align-top keblock-bouton plein\" >\r\n\t\r\n\t\t\r\n\t<div class=\"block-content\">\t\r\n\t\t<a href=\"https:\/\/www.popterror.com\/fr\/artistes\" target=\"\" class=\"uibt plein black\">\r\n\t\t<span class=\"bt-content\">D\u00e9couvre la team Popterror<\/span>\r\n\t\t<span class=\"bt-picto\"><\/span>\r\n\t<\/a>\r\n\t\t<\/div>\r\n<\/div>\r\n    \n\n\n<div style=\"height:40px\" aria-hidden=\"true\" class=\"wp-block-spacer\"><\/div>\n\n\r\n\t<\/div>\r\n<\/div>\r\n    \n                            \r\n        \t<\/div>\r\n<\/div>\r\n    ","protected":false},"excerpt":{"rendered":"","protected":false},"author":1,"featured_media":0,"parent":0,"menu_order":0,"comment_status":"closed","ping_status":"closed","template":"template-page-interne.php","meta":{"_acf_changed":false,"inline_featured_image":false,"_uag_custom_page_level_css":"","footnotes":""},"class_list":["post-1014","page","type-page","status-publish","hentry"],"acf":[],"uagb_featured_image_src":{"full":false,"thumbnail":false,"medium":false,"medium_large":false,"large":false,"1536x1536":false,"2048x2048":false,"woocommerce_thumbnail":false,"woocommerce_single":false,"woocommerce_gallery_thumbnail":false},"uagb_author_info":{"display_name":"Webmaster Keblow","author_link":"https:\/\/www.popterror.com\/fr\/author\/keblow"},"uagb_comment_info":0,"uagb_excerpt":null,"_links":{"self":[{"href":"https:\/\/www.popterror.com\/fr\/wp-json\/wp\/v2\/pages\/1014","targetHints":{"allow":["GET"]}}],"collection":[{"href":"https:\/\/www.popterror.com\/fr\/wp-json\/wp\/v2\/pages"}],"about":[{"href":"https:\/\/www.popterror.com\/fr\/wp-json\/wp\/v2\/types\/page"}],"author":[{"embeddable":true,"href":"https:\/\/www.popterror.com\/fr\/wp-json\/wp\/v2\/users\/1"}],"replies":[{"embeddable":true,"href":"https:\/\/www.popterror.com\/fr\/wp-json\/wp\/v2\/comments?post=1014"}],"version-history":[{"count":6,"href":"https:\/\/www.popterror.com\/fr\/wp-json\/wp\/v2\/pages\/1014\/revisions"}],"predecessor-version":[{"id":3077,"href":"https:\/\/www.popterror.com\/fr\/wp-json\/wp\/v2\/pages\/1014\/revisions\/3077"}],"wp:attachment":[{"href":"https:\/\/www.popterror.com\/fr\/wp-json\/wp\/v2\/media?parent=1014"}],"curies":[{"name":"wp","href":"https:\/\/api.w.org\/{rel}","templated":true}]}}