{"id":1020,"date":"2024-04-02T16:38:22","date_gmt":"2024-04-02T14:38:22","guid":{"rendered":"https:\/\/www.popterror.com\/?page_id=1020"},"modified":"2025-10-17T16:42:05","modified_gmt":"2025-10-17T14:42:05","slug":"artistes","status":"publish","type":"page","link":"https:\/\/www.popterror.com\/fr\/artistes","title":{"rendered":"Artistes"},"content":{"rendered":"<div  class=\"keblk keblk-v-align-top light-theme keblock-section-lame responsive is-padded   invert bg-none\"   style=\"\"  id=\"\">\r\n\t\r\n\t\t<div class=\"block-content\">\r\n                        \r\n                            \n\n<div class=\"wp-block-columns is-layout-flex wp-container-core-columns-is-layout-28f84493 wp-block-columns-is-layout-flex\">\n<div class=\"wp-block-column is-vertically-aligned-stretch is-layout-flow wp-block-column-is-layout-flow\"><div  class=\"keblk keblk-v-align-top keblock-text\"   style=\"\" >\r\n\t\r\n\t\t\r\n\t<div class=\"block-content\">\t\r\n        \t\n\n<h1 class=\"wp-block-heading\">.Bio<\/h1>\n\n\n\n<p class=\"style-5\"><strong>Le projet Popterror a \u00e9t\u00e9 cr\u00e9\u00e9 par 2 Designers fran\u00e7ais \u00e0 Lille en 2023.<\/strong><\/p>\n\n\n\n<p>Un Fx Artist 3D et un Graphiste, un jeune de 21 ans et un moins jeune de 48, un fils et son p\u00e8re.<\/p>\n\n\n\n<p>Romain se forme \u00e0 l\u2019\u00e9cole ArtFX de Tourcoing. Il compose des animations et effets 3D pour le cin\u00e9ma ou la publicit\u00e9. Il a travaill\u00e9 \u00e9galement dans le Design automobile (KIA Europe Design Center).<\/p>\n\n\n\n<p>Fred est pass\u00e9 par les Beaux-arts de Tournai en Belgique pour \u00e9tudier l\u2019illustration. Dessinateur pour la presse ou le web, il m\u00e8ne ensuite une carri\u00e8re de Directeur Artistique dans la communication, les projets Trans-media et l\u2019Animation ( Samsung \/ Airbus \/ France T\u00e9l\u00e9vision \/ Groupe M6) .<\/p>\n\n\r\n\t<\/div>\r\n<\/div>\r\n    <\/div>\n\n\n\n<div class=\"wp-block-column is-vertically-aligned-stretch is-layout-flow wp-block-column-is-layout-flow\"><div  class=\"keblk blkuid-3 keblk-v-align-top keblock-multimedia type-montage\" >\r\n\t\r\n\t\t<div class=\"block-content\"  style=\"aspect-ratio:4\/3\" >\t\r\n\t\t\r\n\t\t\t\t<div class=\"visu-bg\" style=\"\"><\/div>\r\n\t\t        \r\n\t\t<!-- CONTENT -->\r\n\t\t\t\t\t\t\t\t\t\r\n\t\t\t\t\t<div class=\"montage-media nbimg-2 vertical\"><div class=\"imgcell img-1\" style=\"background-image: url('https:\/\/www.popterror.com\/wp-content\/uploads\/2024\/10\/art-nb-rmx2.jpg');\"><\/div><div class=\"imgcell img-2\" style=\"background-image: url('https:\/\/www.popterror.com\/wp-content\/uploads\/2024\/10\/art-nb-frd.jpg');\"><\/div><\/div>\r\n\t\t\t<\/div>\r\n<\/div>\r\n    <\/div>\n<\/div>\n\n                            \r\n        \t<\/div>\r\n<\/div>\r\n    \n\n<div  class=\"keblk keblk-v-align-top light-theme keblock-section-lame responsive is-padded    bg-none\"   style=\"\"  id=\"\">\r\n\t\r\n\t\t<div class=\"block-content\">\r\n                        \r\n                            \n\n<div class=\"wp-block-columns is-layout-flex wp-container-core-columns-is-layout-28f84493 wp-block-columns-is-layout-flex\">\n<div class=\"wp-block-column is-vertically-aligned-stretch is-layout-flow wp-block-column-is-layout-flow\"><div  class=\"keblk blkuid-5 keblk-v-align-top keblock-multimedia type-img\" >\r\n\t\r\n\t\t<div class=\"block-content\"  style=\"aspect-ratio:4\/3\" >\t\r\n\t\t\r\n\t\t\t\t<div class=\"visu-bg\" style=\"background-image:url('https:\/\/www.popterror.com\/wp-content\/uploads\/2024\/10\/graff-1200-800.jpg');background-size:cover;\"><\/div>\r\n\t\t        \r\n\t\t<!-- CONTENT -->\r\n\t\t\t\t\t\t\t\t\t\r\n\t\t\t<\/div>\r\n<\/div>\r\n    <\/div>\n\n\n\n<div class=\"wp-block-column is-vertically-aligned-stretch is-layout-flow wp-block-column-is-layout-flow\"><div  class=\"keblk keblk-v-align-top keblock-text\"   style=\"\" >\r\n\t\r\n\t\t\r\n\t<div class=\"block-content\">\t\r\n        \t\n\n<h2 class=\"wp-block-heading\">Retrouver le plaisir de l\u2019imaginaire<\/h2>\n\n\n\n<p><strong>Popterror <\/strong>revendique le droit \u00e0 l\u2019invention et \u00e0 la <strong>cr\u00e9ation originale<\/strong> avec des personnages qui existent pour eux-m\u00eames dans leurs formes et leurs styles.<br><br>L\u2019objet Popterror, en taille r\u00e9duite ou format monumental, est l\u2019\u00e9l\u00e9ment central de la proposition artistique.<br><br>Tout l\u2019enjeu de nos cr\u00e9ations r\u00e9side dans le choix minimaliste des postures, dans la neutralit\u00e9 des \u00e9motions pour ne pas imposer au public un univers mais au contraire pour \u00eatre un support sur lequel chacun va pouvoir d\u00e9poser son imaginaire.<\/p>\n\n\r\n\t<\/div>\r\n<\/div>\r\n    <\/div>\n<\/div>\n\n                            \r\n        \t<\/div>\r\n<\/div>\r\n    \n\n<div  class=\"keblk keblk-v-align-top light-theme keblock-section-lame responsive is-padded   invert bg-none\"   style=\"\"  id=\"\">\r\n\t\r\n\t\t<div class=\"block-content\">\r\n                        \r\n                            \n\n<div class=\"wp-block-columns is-layout-flex wp-container-core-columns-is-layout-28f84493 wp-block-columns-is-layout-flex\">\n<div class=\"wp-block-column is-vertically-aligned-stretch is-layout-flow wp-block-column-is-layout-flow\"><div  class=\"keblk keblk-v-align-top keblock-text\"   style=\"\" >\r\n\t\r\n\t\t\r\n\t<div class=\"block-content\">\t\r\n        \t\n\n<h2 class=\"wp-block-heading style-1\">.Story<\/h2>\n\n\n\n<p>Fans d\u2019art contemporain, de graphisme, de popculture et surtout de <strong><a href=\"https:\/\/www.popterror.com\/fr\/le-shop\">Art Toys<\/a><\/strong>, le point de d\u00e9part \u00e9tait l\u2019envie d\u2019associer leurs techniques pour concevoir \u00e0 deux des oeuvres en volume.<br><br>Apr\u00e8s de nombreuses recherches graphiques et une s\u00e9rie de crayonn\u00e9s, le personnage <strong>\u201cEQSO\u201d<\/strong> voit le jour. Un univers ludique et color\u00e9 qui reprend les codes de l\u2019enfance.<br>Les premier prototypes sont r\u00e9alis\u00e9s en r\u00e9sine sur imprimante 3D puis le projet est pr\u00e9sent\u00e9 lors d\u2019un financement participatif (Kickstarter F\u00e9vrier 2024). Quelques mois apr\u00e8s une collection de 3 Art Toys en s\u00e9rie limit\u00e9e (500 ex) est disponible.<br><br>Suite \u00e0 l\u2019accueil enthousiaste de la communaut\u00e9 Art Toy et des Toy Makers, le duo Popterror propose d\u00e9sormais de nouvelles \u201cShape\u201d pour des grand formats ou des <strong>cr\u00e9ations monumentales<\/strong>.<br>Autour de leur univers artistique, des collaborations avec d\u2019autres cr\u00e9ateurs sont d\u00e9j\u00e0 en cours : L\u2019artiste <strong><a href=\"https:\/\/www.popterror.com\/fr\/collabs\">@hellomeda<\/a><\/strong> propose notamment une s\u00e9rie d\u2019affiche en s\u00e9rie limit\u00e9e d\u00e9clin\u00e9e de la cr\u00e9ation <strong>EQSO<\/strong>.<br><br><br><\/p>\n\n\n\n<p><strong><a href=\"https:\/\/www.instagram.com\/pop.terror\/\" target=\"_blank\" rel=\"noreferrer noopener\">@pop.terror<\/a> sur instagram<\/strong><\/p>\n\n\r\n\t<\/div>\r\n<\/div>\r\n    <\/div>\n\n\n\n<div class=\"wp-block-column is-vertically-aligned-stretch is-layout-flow wp-block-column-is-layout-flow\"><div  class=\"keblk blkuid-9 keblk-v-align-top keblock-multimedia type-img\" >\r\n\t\r\n\t\t<div class=\"block-content\"  style=\"aspect-ratio:4\/3\" >\t\r\n\t\t\r\n\t\t\t\t<div class=\"visu-bg\" style=\"background-image:url('https:\/\/www.popterror.com\/wp-content\/uploads\/2024\/10\/pack-eqso-jaune.jpg');background-size:cover;\"><\/div>\r\n\t\t        \r\n\t\t<!-- CONTENT -->\r\n\t\t\t\t\t\t\t\t\t\r\n\t\t\t<\/div>\r\n<\/div>\r\n    <\/div>\n<\/div>\n\n                            \r\n        \t<\/div>\r\n<\/div>\r\n    \n\n<div  class=\"keblk keblk-v-align-top light-theme keblock-section-lame responsive_mini     bg-color bg-color-white\"   style=\"\"  id=\"\">\r\n\t\r\n\t\t<div class=\"block-content\">\r\n                        \r\n                            \n<div  class=\"keblk keblk-v-align-top keblock-text\"   style=\"\" >\r\n\t\r\n\t\t\r\n\t<div class=\"block-content\">\t\r\n        \t\n<div  class=\"keblk keblk-h-align-center keblk-v-align-top keblock-bouton plein\" >\r\n\t\r\n\t\t\r\n\t<div class=\"block-content\">\t\r\n\t\t<a href=\"https:\/\/www.popterror.com\/fr\/le-shop\" target=\"\" class=\"uibt plein black\">\r\n\t\t<span class=\"bt-content\">Visitez le shop<\/span>\r\n\t\t<span class=\"bt-picto\"><\/span>\r\n\t<\/a>\r\n\t\t<\/div>\r\n<\/div>\r\n    \n\n\n<div style=\"height:40px\" aria-hidden=\"true\" class=\"wp-block-spacer\"><\/div>\n\n\n\n<p class=\"has-text-align-center style-4\">EQSO Fun Fact<\/p>\n\n\n\n<p class=\"has-text-align-center style-5\">Entre 2006 et 2015, le t\u00e9lescope XO (Hawa\u00ef) a annonc\u00e9 la d\u00e9couverte d\u2019une s\u00e9rie d\u2019\u00e9toiles et d\u2019exoplan\u00e8tes nomm\u00e9es XO-1, XO-2 et XO-3. Suite \u00e0 cet \u00e9v\u00e9nement, l\u2019une des plan\u00e8tes XO et ses habitants (EQSO) se sont alors int\u00e9ress\u00e9s \u00e0 notre plan\u00e8te en retour.<\/p>\n\n\n\n<div style=\"height:40px\" aria-hidden=\"true\" class=\"wp-block-spacer\"><\/div>\n\n\r\n\t<\/div>\r\n<\/div>\r\n    \n                            \r\n        \t<\/div>\r\n<\/div>\r\n    \n\n<div  class=\"keblk keblk-v-align-top keblock-section-lame fullwidth_marged     bg-none\"   style=\"\"  id=\"\">\r\n\t\r\n\t\t<div class=\"block-content\">\r\n                        \r\n                            \n\t<div  class=\"keblk keblk-v-align-top keblock-postgrid nbcol-3\"   style=\"\"  id=\"KPG_blkuid-14\" data-load=\"eyJwZ190eXBlIjoicHJvZHVjdCIsInBnX3R5cGVfcHJvZHVjdCI6eyJjYXQiOiIiLCJ0YWciOiIiLCJpZ25vcmUiOmZhbHNlfSwicGdfc29ydF9maWVsZCI6ImRhdGUiLCJwZ19zb3J0X29yZGVyIjoiREVTQyIsInBnX2FmZl9uYmNvbCI6IjMiLCJwZ19hZmZfbG90IjpmYWxzZSwicGdfYWZmX25ibWF4IjoiMyIsInBnX2FmZl9maWx0ZXJzIjpmYWxzZSwicGdfYmxrZGVzaWduX2NsYXNzIjoiYmxrLXR5cGUtcHJvZHVpdCIsInBnX2Jsa2Rlc2lnbl9tYXJnaW4iOiIxMCJ9\">\r\n\t\t\t\t<div class=\"postgrid-content\">\r\n\t\t\t\t\t\t<div class=\"postgrid-content--header\">\r\n\t\t\t\t\t\t\t\r\n\t\t\t<\/div>\r\n\t\t\t<div class=\"postgrid-content--content\" style=\"gap:10px\">\r\n\t\t\t\r\n\t<div class=\"kpg-block-wrapper blk-type-produit \">\r\n\t\t<div class=\"badge \"><\/div>\r\n\t\t<div class=\"kpg-block\">\t\r\n\t\t\t<div class=\"visuel\" style=\"background-image:url('https:\/\/www.popterror.com\/wp-content\/uploads\/2025\/10\/2025-eqso-dark-vig-1.png');\">\r\n\t\t\t\t<div class=\"img-roll\" style=\"background-image:url('https:\/\/www.popterror.com\/wp-content\/uploads\/2025\/10\/2025-eqso-dark-insitu-2.jpg');\"><\/div>\r\n\t\t\t<\/div>\r\n\t\t\t<div class=\"content\">\r\n\t\t\t\t\t\t\t\t<h3 class=\"title\">Dark Light<\/h3>\r\n\t\t\t\t<p class=\"desc\">EQSO Art Toy <\/p>\t\t\t\t<p class=\"price\"><span class=\"woocommerce-Price-amount amount\"><bdi>55,00&nbsp;<span class=\"woocommerce-Price-currencySymbol\">&euro;<\/span><\/bdi><\/span><\/p>\r\n\t\t\t\t<div class=\"zone_cta\">\r\n\t\t\t\t\t<a class=\"cta learn_more\" href=\"https:\/\/www.popterror.com\/fr\/produit\/dark-light\">D\u00e9couvrir<\/a>\r\n\t\t\t\t\t<!-- <a class=\"cta cart\" href=\"\/fr\/wp-json\/wp\/v2\/pages\/1020?add-to-cart=2863\">Add to cart<\/a> -->\r\n\t\t\t\t<\/div>\r\n\t\t\t<\/div>\r\n\t\t<\/div>\r\n\t<\/div>\r\n\r\n\t\r\n\t<div class=\"kpg-block-wrapper blk-type-produit \">\r\n\t\t<div class=\"badge \"><\/div>\r\n\t\t<div class=\"kpg-block\">\t\r\n\t\t\t<div class=\"visuel\" style=\"background-image:url('https:\/\/www.popterror.com\/wp-content\/uploads\/2025\/10\/2025-eqso-red-vig.png');\">\r\n\t\t\t\t<div class=\"img-roll\" style=\"background-image:url('https:\/\/www.popterror.com\/wp-content\/uploads\/2025\/10\/2025-eqso-red-04.jpg');\"><\/div>\r\n\t\t\t<\/div>\r\n\t\t\t<div class=\"content\">\r\n\t\t\t\t\t\t\t\t<h3 class=\"title\">Xtra Red<\/h3>\r\n\t\t\t\t<p class=\"desc\">EQSO Art Toy <\/p>\t\t\t\t<p class=\"price\"><span class=\"woocommerce-Price-amount amount\"><bdi>55,00&nbsp;<span class=\"woocommerce-Price-currencySymbol\">&euro;<\/span><\/bdi><\/span><\/p>\r\n\t\t\t\t<div class=\"zone_cta\">\r\n\t\t\t\t\t<a class=\"cta learn_more\" href=\"https:\/\/www.popterror.com\/fr\/produit\/xtra-red\">D\u00e9couvrir<\/a>\r\n\t\t\t\t\t<!-- <a class=\"cta cart\" href=\"\/fr\/wp-json\/wp\/v2\/pages\/1020?add-to-cart=2803\">Add to cart<\/a> -->\r\n\t\t\t\t<\/div>\r\n\t\t\t<\/div>\r\n\t\t<\/div>\r\n\t<\/div>\r\n\r\n\t\r\n\t<div class=\"kpg-block-wrapper blk-type-produit \">\r\n\t\t<div class=\"badge \"><\/div>\r\n\t\t<div class=\"kpg-block\">\t\r\n\t\t\t<div class=\"visuel\" style=\"background-image:url('https:\/\/www.popterror.com\/wp-content\/uploads\/2025\/10\/2025-eqso-purple-vig.png');\">\r\n\t\t\t\t<div class=\"img-roll\" style=\"background-image:url('https:\/\/www.popterror.com\/wp-content\/uploads\/2025\/10\/2025-eqso-purple-insitu-2.jpg');\"><\/div>\r\n\t\t\t<\/div>\r\n\t\t\t<div class=\"content\">\r\n\t\t\t\t\t\t\t\t<h3 class=\"title\">Purple Fire<\/h3>\r\n\t\t\t\t<p class=\"desc\">EQSO Art Toy <\/p>\t\t\t\t<p class=\"price\"><span class=\"woocommerce-Price-amount amount\"><bdi>55,00&nbsp;<span class=\"woocommerce-Price-currencySymbol\">&euro;<\/span><\/bdi><\/span><\/p>\r\n\t\t\t\t<div class=\"zone_cta\">\r\n\t\t\t\t\t<a class=\"cta learn_more\" href=\"https:\/\/www.popterror.com\/fr\/produit\/purple-fire\">D\u00e9couvrir<\/a>\r\n\t\t\t\t\t<!-- <a class=\"cta cart\" href=\"\/fr\/wp-json\/wp\/v2\/pages\/1020?add-to-cart=2848\">Add to cart<\/a> -->\r\n\t\t\t\t<\/div>\r\n\t\t\t<\/div>\r\n\t\t<\/div>\r\n\t<\/div>\r\n\r\n\t\t\t\t<\/div>\r\n\t\t\t\t\r\n\t\t<\/div>\r\n\t\t\t<\/div>\r\n    \n\n\n<div style=\"height:20px\" aria-hidden=\"true\" class=\"wp-block-spacer\"><\/div>\n\n                            \r\n        \t<\/div>\r\n<\/div>\r\n    ","protected":false},"excerpt":{"rendered":"","protected":false},"author":1,"featured_media":0,"parent":0,"menu_order":0,"comment_status":"closed","ping_status":"closed","template":"template-page-interne.php","meta":{"_acf_changed":false,"inline_featured_image":false,"_uag_custom_page_level_css":"","footnotes":""},"class_list":["post-1020","page","type-page","status-publish","hentry"],"acf":[],"uagb_featured_image_src":{"full":false,"thumbnail":false,"medium":false,"medium_large":false,"large":false,"1536x1536":false,"2048x2048":false,"woocommerce_thumbnail":false,"woocommerce_single":false,"woocommerce_gallery_thumbnail":false},"uagb_author_info":{"display_name":"Webmaster Keblow","author_link":"https:\/\/www.popterror.com\/fr\/author\/keblow"},"uagb_comment_info":0,"uagb_excerpt":null,"_links":{"self":[{"href":"https:\/\/www.popterror.com\/fr\/wp-json\/wp\/v2\/pages\/1020","targetHints":{"allow":["GET"]}}],"collection":[{"href":"https:\/\/www.popterror.com\/fr\/wp-json\/wp\/v2\/pages"}],"about":[{"href":"https:\/\/www.popterror.com\/fr\/wp-json\/wp\/v2\/types\/page"}],"author":[{"embeddable":true,"href":"https:\/\/www.popterror.com\/fr\/wp-json\/wp\/v2\/users\/1"}],"replies":[{"embeddable":true,"href":"https:\/\/www.popterror.com\/fr\/wp-json\/wp\/v2\/comments?post=1020"}],"version-history":[{"count":15,"href":"https:\/\/www.popterror.com\/fr\/wp-json\/wp\/v2\/pages\/1020\/revisions"}],"predecessor-version":[{"id":3011,"href":"https:\/\/www.popterror.com\/fr\/wp-json\/wp\/v2\/pages\/1020\/revisions\/3011"}],"wp:attachment":[{"href":"https:\/\/www.popterror.com\/fr\/wp-json\/wp\/v2\/media?parent=1020"}],"curies":[{"name":"wp","href":"https:\/\/api.w.org\/{rel}","templated":true}]}}