{"id":1643,"date":"2024-05-02T17:33:30","date_gmt":"2024-05-02T15:33:30","guid":{"rendered":"https:\/\/www.popterror.com\/shipping"},"modified":"2024-09-03T09:56:11","modified_gmt":"2024-09-03T07:56:11","slug":"livraison","status":"publish","type":"page","link":"https:\/\/www.popterror.com\/fr\/livraison","title":{"rendered":"Livraison &amp; retour"},"content":{"rendered":"<div  class=\"keblk keblk-v-align-top keblock-section-lame responsive is-padded    bg-none\"   style=\"\"  id=\"\">\r\n\t\r\n\t\t<div class=\"block-content\">\r\n                        \r\n                            \n<div  class=\"keblk keblk-v-align-top keblock-text\"   style=\"\" >\r\n\t\r\n\t\t\r\n\t<div class=\"block-content\">\t\r\n        \t\n\n<h1 class=\"wp-block-heading style-2\">Livraison<\/h1>\n\n\n\n<h2 class=\"wp-block-heading style-3\">Service de livraison<\/h2>\n\n\n\n<p>La livraison est assur\u00e9e par un transporteur ind\u00e9pendant. <\/p>\n\n\n\n<p>Les Produits sont livr\u00e9s par le transporteur, \u00e0 l\u2019adresse mentionn\u00e9e par le Client lors de la commande, et \u00e0 laquelle le transporteur pourra facilement acc\u00e9der. <\/p>\n\n\n\n<p>Voir liste compl\u00e8te des pays ci-dessous.<\/p>\n\n\n\n<h2 class=\"wp-block-heading style-3\">Livraison en France m\u00e9tropolitaine<\/h2>\n\n\n\n<p>La livraison en France m\u00e9tropolitaine intervient dans un d\u00e9lai de 3 \u00e0 7 jours ouvr\u00e9s.<\/p>\n\n\n\n<p>La livraison peut \u00e9galement se faire en point relais selon votre zone g\u00e9ographique.<\/p>\n\n\n\n<h2 class=\"wp-block-heading style-3\">Livraison en Europe et autres pays<\/h2>\n\n\n\n<p>Un service de livraison est \u00e9galement disponible pour les pays suivants :<\/p>\n\n\n\n<p>Allemagne, Autriche, Belgique, Bulgarie, Canada, Espagne, Estonie, Etats-Unis, Finlande, Gr\u00e8ce, Hongrie, Irlande<br>Italie, Lituanie, Luxembourg, Malte, Pays-Bas, Pologne, Portugal, Roumanie, Royaume-Uni, R\u00e9publique Tch\u00e8que, Slovaquie, Slov\u00e9nie, Suisse, Su\u00e8de.<br><\/p>\n\n\n\n<p>Les frais de port seront calcul\u00e9s automatiquement\u00a0en fonction du poids du colis et de la destination.<br>Le d\u00e9lai de livraison peut aller de 3 \u00e0 7 jours pour les pays d&rsquo;Europe et de 7 \u00e0 13 jours pour les Etats-Unis et le Canada.<\/p>\n\n\n\n<h2 class=\"wp-block-heading style-3\">D\u00e9lais de livraison<\/h2>\n\n\n\n<p>Les d\u00e9lais indiqu\u00e9s sont des d\u00e9lais indicatifs, correspondant aux d\u00e9lais moyens de traitement et de livraison. Le Vendeur ne pourra \u00eatre tenu responsable des cons\u00e9quences dues \u00e0 un retard d\u2019acheminement n\u2019\u00e9tant pas de son fait. En cas de colis endommag\u00e9s (d\u00e9j\u00e0 ouvert, produit(s) manquant(s)\u2026), le Client s\u2019engage \u00e0 notifier au transporteur et au Vendeur, par tous moyens, toutes r\u00e9serves dans les 3 jours suivant la r\u00e9ception du Produit.<\/p>\n\n\n\n<p>Sauf cas particulier ou indisponibilit\u00e9 d\u2019un ou plusieurs Produits, les Produits command\u00e9s seront livr\u00e9s en une seule fois.<\/p>\n\n\r\n\t<\/div>\r\n<\/div>\r\n    \n\n<div  class=\"keblk keblk-v-align-top keblock-text\"   style=\"\" >\r\n\t\r\n\t\t\r\n\t<div class=\"block-content\">\t\r\n        \t\n\n<h1 class=\"wp-block-heading style-2\">Retour &amp; Remboursement<\/h1>\n\n\n\n<h2 class=\"wp-block-heading style-3\">Retour<\/h2>\n\n\n\n<p>Le Client dispose d\u2019un d\u00e9lai de quatorze (14) jours pour retourner les Produits au Vendeur en parfait \u00e9tat dans leur emballage d\u2019origine non endommag\u00e9 et dans un carton s\u00e9curis\u00e9 conforme \u00e0 celui de l\u2019envoi. Le d\u00e9lai de quatorze jours commence \u00e0 compter de la date de r\u00e9ception des Produits. Au terme des quatorze jours, les Produits sont consid\u00e9r\u00e9s comme accept\u00e9s et conformes \u00e0 la commande. Le retour est \u00e0 la charge du Client. Ils sont \u00e0 effectuer \u00e0 l&rsquo;adresse suivante :<br>SARL Keblow <br>3 rue de la Fontaine<br>59237 Verlinghem<br>France<\/p>\n\n\n\n<p>Pour toute demande de retour, le Client est invit\u00e9 \u00e0 contacter pr\u00e9alablement le Vendeur par mail \u00e0 : <a href=\"mailto:contact@popterror.com\">contact@popterror.com<\/a><\/p>\n\n\n\n<h2 class=\"wp-block-heading style-3\">Remboursement<\/h2>\n\n\n\n<p>Le remboursement des Produits sera effectu\u00e9 par le Vendeur dans un d\u00e9lai maximum de quatorze (14) jours apr\u00e8s la r\u00e9ception desdits Produits, &nbsp;sans frais, \u00e0 l\u2019exception des frais de retour.<\/p>\n\n\r\n\t<\/div>\r\n<\/div>\r\n    \n                            \r\n        \t<\/div>\r\n<\/div>\r\n    ","protected":false},"excerpt":{"rendered":"","protected":false},"author":1,"featured_media":0,"parent":0,"menu_order":0,"comment_status":"closed","ping_status":"closed","template":"template-page-interne.php","meta":{"_acf_changed":false,"inline_featured_image":false,"_uag_custom_page_level_css":"","footnotes":""},"class_list":["post-1643","page","type-page","status-publish","hentry"],"acf":[],"uagb_featured_image_src":{"full":false,"thumbnail":false,"medium":false,"medium_large":false,"large":false,"1536x1536":false,"2048x2048":false,"woocommerce_thumbnail":false,"woocommerce_single":false,"woocommerce_gallery_thumbnail":false},"uagb_author_info":{"display_name":"Webmaster Keblow","author_link":"https:\/\/www.popterror.com\/fr\/author\/keblow"},"uagb_comment_info":0,"uagb_excerpt":null,"_links":{"self":[{"href":"https:\/\/www.popterror.com\/fr\/wp-json\/wp\/v2\/pages\/1643","targetHints":{"allow":["GET"]}}],"collection":[{"href":"https:\/\/www.popterror.com\/fr\/wp-json\/wp\/v2\/pages"}],"about":[{"href":"https:\/\/www.popterror.com\/fr\/wp-json\/wp\/v2\/types\/page"}],"author":[{"embeddable":true,"href":"https:\/\/www.popterror.com\/fr\/wp-json\/wp\/v2\/users\/1"}],"replies":[{"embeddable":true,"href":"https:\/\/www.popterror.com\/fr\/wp-json\/wp\/v2\/comments?post=1643"}],"version-history":[{"count":5,"href":"https:\/\/www.popterror.com\/fr\/wp-json\/wp\/v2\/pages\/1643\/revisions"}],"predecessor-version":[{"id":2263,"href":"https:\/\/www.popterror.com\/fr\/wp-json\/wp\/v2\/pages\/1643\/revisions\/2263"}],"wp:attachment":[{"href":"https:\/\/www.popterror.com\/fr\/wp-json\/wp\/v2\/media?parent=1643"}],"curies":[{"name":"wp","href":"https:\/\/api.w.org\/{rel}","templated":true}]}}