{"id":819,"date":"2023-10-27T14:07:47","date_gmt":"2023-10-27T12:07:47","guid":{"rendered":"https:\/\/www.popterror.com\/popterror\/"},"modified":"2025-10-31T14:27:13","modified_gmt":"2025-10-31T13:27:13","slug":"home","status":"publish","type":"page","link":"https:\/\/www.popterror.com\/fr","title":{"rendered":"Popterror"},"content":{"rendered":"<div  class=\"keblk keblk-v-align-top light-theme keblock-section-lame responsive_mini     bg-none\"   style=\"\"  id=\"\">\r\n\t\r\n\t\t<div class=\"block-content\">\r\n                        \r\n                            \n\n<div class=\"wp-block-columns is-layout-flex wp-container-core-columns-is-layout-28f84493 wp-block-columns-is-layout-flex\">\n<div class=\"wp-block-column is-vertically-aligned-center is-layout-flow wp-block-column-is-layout-flow\"><div  class=\"keblk blkuid-3 keblk-v-align-top keblock-multimedia type-swiper\" >\r\n\t\r\n\t\t<div class=\"block-content\"  style=\"aspect-ratio:5\/4\" >\t\r\n\t\t\r\n\t\t\t\t<div class=\"visu-bg\" style=\"\"><\/div>\r\n\t\t        \r\n\t\t<!-- CONTENT -->\r\n\t\t\t\t\t\t\t\t\t\r\n\t\t\t\t\t<div class=\"swiper-media\">\r\n<div id=\"_ku_2\" class=\"swiper ksc-swiperjs-container swiper-for-wp_block\" >\r\n\t\r\n\t<div class=\"ksc-swiperjs-content swiperjs_wrap_ku_2\">\r\n\t\t<!-- Want a title hu ? -->\r\n\t\t<div class=\"swiper-header\">\r\n            \t\t\t\t\t<\/div>\r\n\t\t\r\n\t\t<!-- Additional required wrapper -->\r\n\t\t<div class=\"swiper-wrapper\">\r\n\t\t\t<div class=\"imgcell img-1\" style=\"background-image: url('https:\/\/www.popterror.com\/wp-content\/uploads\/2025\/10\/EQSO-Purple-Fire-KV-1200-1200-v2.jpg');\"><\/div><div class=\"imgcell img-2\" style=\"background-image: url('https:\/\/www.popterror.com\/wp-content\/uploads\/2025\/09\/eqso-kid-3quart.png');\"><\/div><div class=\"imgcell img-3\" style=\"background-image: url('https:\/\/www.popterror.com\/wp-content\/uploads\/2025\/09\/eqso-kid-profil.png');\"><\/div><div class=\"imgcell img-4\" style=\"background-image: url('https:\/\/www.popterror.com\/wp-content\/uploads\/2025\/09\/Smiley-jaune-face.png');\"><\/div><div class=\"imgcell img-5\" style=\"background-image: url('https:\/\/www.popterror.com\/wp-content\/uploads\/2024\/10\/Toxiq-bleu-dos.png');\"><\/div>\t\t<\/div>\r\n\t\t\r\n\t\t<!-- If we need scrollbar -->\r\n\t\t<!--\t\t<div class=\"swiper-scrollbar\">SCROLLBAR<\/div>-->\r\n\t<\/div>\r\n<\/div>\r\n<\/div>\r\n\t\t\t<\/div>\r\n<\/div>\r\n    \n\n<nav class=\"items-justified-center menu_home wp-block-navigation is-content-justification-center is-layout-flex wp-container-core-navigation-is-layout-a89b3969 wp-block-navigation-is-layout-flex\" aria-label=\"Main Menu - Fran\u00e7ais\"><ul class=\"wp-block-navigation__container items-justified-center menu_home wp-block-navigation\"><li class=\" wp-block-navigation-item wp-block-navigation-link\"><a class=\"wp-block-navigation-item__content\"  href=\"https:\/\/www.popterror.com\/fr\/artistes\"><span class=\"wp-block-navigation-item__label\">Artistes<\/span><\/a><\/li><li class=\" wp-block-navigation-item wp-block-navigation-link\"><a class=\"wp-block-navigation-item__content\"  href=\"https:\/\/www.popterror.com\/fr\/exhibitions\"><span class=\"wp-block-navigation-item__label\">Exhibitions<\/span><\/a><\/li><li class=\" wp-block-navigation-item wp-block-navigation-link\"><a class=\"wp-block-navigation-item__content\"  href=\"https:\/\/www.popterror.com\/fr\/le-shop\"><span class=\"wp-block-navigation-item__label\">Shop<\/span><\/a><\/li><\/ul><\/nav><\/div>\n<\/div>\n\n                            \r\n        \t<\/div>\r\n<\/div>\r\n    \n\n<div  class=\"keblk keblk-v-align-top light-theme keblock-section-lame responsive is-padded   invert bg-none\"   style=\"\"  id=\"\">\r\n\t\r\n\t\t<div class=\"block-content\">\r\n                        \r\n                            \n\n<div class=\"wp-block-columns is-layout-flex wp-container-core-columns-is-layout-28f84493 wp-block-columns-is-layout-flex\">\n<div class=\"wp-block-column is-vertically-aligned-stretch is-layout-flow wp-block-column-is-layout-flow\"><div  class=\"keblk keblk-v-align-top keblock-text padded bg-color bg-color-black-light txt-color-white\"   style=\"\" >\r\n\t\r\n\t\t\r\n\t<div class=\"block-content\">\t\r\n        \t\n\n<p class=\"style-5\">Back in the game <\/p>\n\n\n\n<h1 class=\"wp-block-heading style-2\">EQSO Series 2, le nouveau drop d\u00e9barque enfin<\/h1>\n\n\n\n<p class=\"style-5\">D\u00e9couvrez les trois nouveaux Toys iconiques EQSO : Avec Purple Fire, Xtra Red et Dark Light, la l\u00e9gende continue.<br><br><a href=\"https:\/\/www.popterror.com\/fr\/le-shop\">Voir sur le shop<\/a><\/p>\n\n\r\n\t<\/div>\r\n<\/div>\r\n    <\/div>\n\n\n\n<div class=\"wp-block-column is-vertically-aligned-stretch is-layout-flow wp-block-column-is-layout-flow\"><div  class=\"keblk blkuid-6 keblk-v-align-top keblock-multimedia type-img\" >\r\n\t\r\n\t\t<div class=\"block-content\"  style=\"aspect-ratio:4\/3\" >\t\r\n\t\t\r\n\t\t\t\t<div class=\"visu-bg\" style=\"background-image:url('https:\/\/www.popterror.com\/wp-content\/uploads\/2025\/10\/2025-3boites-3D-HP-1.jpg');background-size:cover;\"><\/div>\r\n\t\t        \r\n\t\t<!-- CONTENT -->\r\n\t\t\t\t\t\t\t\t\t\r\n\t\t\t<\/div>\r\n<\/div>\r\n    <\/div>\n<\/div>\n\n                            \r\n        \t<\/div>\r\n<\/div>\r\n    \n\n<div  class=\"keblk keblk-v-align-top keblock-section-lame responsive is-padded    bg-none\"   style=\"\"  id=\"\">\r\n\t\r\n\t\t<div class=\"block-content\">\r\n                        \r\n                            \n\n<div class=\"wp-block-columns is-layout-flex wp-container-core-columns-is-layout-28f84493 wp-block-columns-is-layout-flex\">\n<div class=\"wp-block-column is-vertically-aligned-center is-layout-flow wp-block-column-is-layout-flow\">\n<h2 class=\"wp-block-heading has-text-align-center style-1\">.Shop<\/h2>\n<\/div>\n<\/div>\n\n                            \r\n        \t<\/div>\r\n<\/div>\r\n    \n\n<div  class=\"keblk keblk-v-align-top keblock-section-lame fullwidth_marged     bg-none\"   style=\"\"  id=\"\">\r\n\t\r\n\t\t<div class=\"block-content\">\r\n                        \r\n                            \n\n<div class=\"wp-block-columns is-layout-flex wp-container-core-columns-is-layout-28f84493 wp-block-columns-is-layout-flex\">\n<div class=\"wp-block-column is-vertically-aligned-center is-layout-flow wp-block-column-is-layout-flow\">\t<div  class=\"keblk keblk-v-align-top keblock-postgrid nbcol-3\"   style=\"\"  id=\"KPG_blkuid-9\" data-load=\"eyJwZ190eXBlIjoicHJvZHVjdCIsInBnX3R5cGVfcHJvZHVjdCI6eyJjYXQiOlsiMzkiXSwidGFnIjoiIiwiaWdub3JlIjpmYWxzZX0sInBnX3NvcnRfZmllbGQiOiJkYXRlIiwicGdfc29ydF9vcmRlciI6IkRFU0MiLCJwZ19hZmZfbmJjb2wiOiIzIiwicGdfYWZmX2xvdCI6ZmFsc2UsInBnX2FmZl9uYm1heCI6IjMiLCJwZ19hZmZfZmlsdGVycyI6ZmFsc2UsInBnX2Jsa2Rlc2lnbl9jbGFzcyI6ImJsay10eXBlLXByb2R1aXQiLCJwZ19ibGtkZXNpZ25fbWFyZ2luIjoiMTAifQ==\">\r\n\t\t\t\t<div class=\"postgrid-content\">\r\n\t\t\t\t\t\t<div class=\"postgrid-content--header\">\r\n\t\t\t\t\t\t\t\r\n\t\t\t<\/div>\r\n\t\t\t<div class=\"postgrid-content--content\" style=\"gap:10px\">\r\n\t\t\t\r\n\t<div class=\"kpg-block-wrapper blk-type-produit \">\r\n\t\t<div class=\"badge \"><\/div>\r\n\t\t<div class=\"kpg-block\">\t\r\n\t\t\t<div class=\"visuel\" style=\"background-image:url('https:\/\/www.popterror.com\/wp-content\/uploads\/2025\/10\/2025-eqso-dark-vig-1.png');\">\r\n\t\t\t\t<div class=\"img-roll\" style=\"background-image:url('https:\/\/www.popterror.com\/wp-content\/uploads\/2025\/10\/2025-eqso-dark-insitu-2.jpg');\"><\/div>\r\n\t\t\t<\/div>\r\n\t\t\t<div class=\"content\">\r\n\t\t\t\t\t\t\t\t<h3 class=\"title\">Dark Light<\/h3>\r\n\t\t\t\t<p class=\"desc\">EQSO Art Toy <\/p>\t\t\t\t<p class=\"price\"><span class=\"woocommerce-Price-amount amount\"><bdi>55,00&nbsp;<span class=\"woocommerce-Price-currencySymbol\">&euro;<\/span><\/bdi><\/span><\/p>\r\n\t\t\t\t<div class=\"zone_cta\">\r\n\t\t\t\t\t<a class=\"cta learn_more\" href=\"https:\/\/www.popterror.com\/fr\/produit\/dark-light\">D\u00e9couvrir<\/a>\r\n\t\t\t\t\t<!-- <a class=\"cta cart\" href=\"\/fr\/wp-json\/wp\/v2\/pages\/819?add-to-cart=2863\">Add to cart<\/a> -->\r\n\t\t\t\t<\/div>\r\n\t\t\t<\/div>\r\n\t\t<\/div>\r\n\t<\/div>\r\n\r\n\t\r\n\t<div class=\"kpg-block-wrapper blk-type-produit \">\r\n\t\t<div class=\"badge \"><\/div>\r\n\t\t<div class=\"kpg-block\">\t\r\n\t\t\t<div class=\"visuel\" style=\"background-image:url('https:\/\/www.popterror.com\/wp-content\/uploads\/2025\/10\/2025-eqso-red-vig.png');\">\r\n\t\t\t\t<div class=\"img-roll\" style=\"background-image:url('https:\/\/www.popterror.com\/wp-content\/uploads\/2025\/10\/2025-eqso-red-04.jpg');\"><\/div>\r\n\t\t\t<\/div>\r\n\t\t\t<div class=\"content\">\r\n\t\t\t\t\t\t\t\t<h3 class=\"title\">Xtra Red<\/h3>\r\n\t\t\t\t<p class=\"desc\">EQSO Art Toy <\/p>\t\t\t\t<p class=\"price\"><span class=\"woocommerce-Price-amount amount\"><bdi>55,00&nbsp;<span class=\"woocommerce-Price-currencySymbol\">&euro;<\/span><\/bdi><\/span><\/p>\r\n\t\t\t\t<div class=\"zone_cta\">\r\n\t\t\t\t\t<a class=\"cta learn_more\" href=\"https:\/\/www.popterror.com\/fr\/produit\/xtra-red\">D\u00e9couvrir<\/a>\r\n\t\t\t\t\t<!-- <a class=\"cta cart\" href=\"\/fr\/wp-json\/wp\/v2\/pages\/819?add-to-cart=2803\">Add to cart<\/a> -->\r\n\t\t\t\t<\/div>\r\n\t\t\t<\/div>\r\n\t\t<\/div>\r\n\t<\/div>\r\n\r\n\t\r\n\t<div class=\"kpg-block-wrapper blk-type-produit \">\r\n\t\t<div class=\"badge \"><\/div>\r\n\t\t<div class=\"kpg-block\">\t\r\n\t\t\t<div class=\"visuel\" style=\"background-image:url('https:\/\/www.popterror.com\/wp-content\/uploads\/2025\/10\/2025-eqso-purple-vig.png');\">\r\n\t\t\t\t<div class=\"img-roll\" style=\"background-image:url('https:\/\/www.popterror.com\/wp-content\/uploads\/2025\/10\/2025-eqso-purple-insitu-2.jpg');\"><\/div>\r\n\t\t\t<\/div>\r\n\t\t\t<div class=\"content\">\r\n\t\t\t\t\t\t\t\t<h3 class=\"title\">Purple Fire<\/h3>\r\n\t\t\t\t<p class=\"desc\">EQSO Art Toy <\/p>\t\t\t\t<p class=\"price\"><span class=\"woocommerce-Price-amount amount\"><bdi>55,00&nbsp;<span class=\"woocommerce-Price-currencySymbol\">&euro;<\/span><\/bdi><\/span><\/p>\r\n\t\t\t\t<div class=\"zone_cta\">\r\n\t\t\t\t\t<a class=\"cta learn_more\" href=\"https:\/\/www.popterror.com\/fr\/produit\/purple-fire\">D\u00e9couvrir<\/a>\r\n\t\t\t\t\t<!-- <a class=\"cta cart\" href=\"\/fr\/wp-json\/wp\/v2\/pages\/819?add-to-cart=2848\">Add to cart<\/a> -->\r\n\t\t\t\t<\/div>\r\n\t\t\t<\/div>\r\n\t\t<\/div>\r\n\t<\/div>\r\n\r\n\t\t\t\t<\/div>\r\n\t\t\t\t\r\n\t\t<\/div>\r\n\t\t\t<\/div>\r\n    <\/div>\n<\/div>\n\n                            \r\n        \t<\/div>\r\n<\/div>\r\n    \n\n<div  class=\"keblk keblk-v-align-top keblock-section-lame responsive is-padded    bg-none\"   style=\"\"  id=\"\">\r\n\t\r\n\t\t<div class=\"block-content\">\r\n                        \r\n                            \n\n<div class=\"wp-block-columns is-layout-flex wp-container-core-columns-is-layout-28f84493 wp-block-columns-is-layout-flex\">\n<div class=\"wp-block-column is-vertically-aligned-center is-layout-flow wp-block-column-is-layout-flow\"><div  class=\"keblk keblk-h-align-center keblk-v-align-top keblock-bouton plein\" >\r\n\t\r\n\t\t\r\n\t<div class=\"block-content\">\t\r\n\t\t<a href=\"https:\/\/www.popterror.com\/fr\/le-shop\" target=\"\" class=\"uibt plein black\">\r\n\t\t<span class=\"bt-content\">Visiter le shop<\/span>\r\n\t\t<span class=\"bt-picto\"><\/span>\r\n\t<\/a>\r\n\t\t<\/div>\r\n<\/div>\r\n    <\/div>\n<\/div>\n\n                            \r\n        \t<\/div>\r\n<\/div>\r\n    \n\n<div  class=\"keblk keblk-v-align-top light-theme keblock-section-lame responsive is-padded    bg-none\"   style=\"\"  id=\"\">\r\n\t\r\n\t\t<div class=\"block-content\">\r\n                        \r\n                            \n\n<div class=\"wp-block-columns is-layout-flex wp-container-core-columns-is-layout-28f84493 wp-block-columns-is-layout-flex\">\n<div class=\"wp-block-column is-vertically-aligned-center is-layout-flow wp-block-column-is-layout-flow\">\n<div style=\"height:20px\" aria-hidden=\"true\" class=\"wp-block-spacer\"><\/div>\n\n\n\n<p class=\"has-text-align-left style-5\">Not a toy<\/p>\n\n\n\n<p class=\"has-text-align-left style-1\">.just Art<\/p>\n<\/div>\n<\/div>\n\n                            \r\n        \t<\/div>\r\n<\/div>\r\n    \n\n<div  class=\"keblk keblk-v-align-top light-theme keblock-section-lame responsive     bg-none\"   style=\"\"  id=\"\">\r\n\t\r\n\t\t<div class=\"block-content\">\r\n                        \r\n                            \n\n<div class=\"wp-block-columns is-layout-flex wp-container-core-columns-is-layout-28f84493 wp-block-columns-is-layout-flex\">\n<div class=\"wp-block-column is-vertically-aligned-stretch is-layout-flow wp-block-column-is-layout-flow\"><div  class=\"keblk blkuid-14 keblk-v-align-top keblock-multimedia type-img\" >\r\n\t\r\n\t\t<div class=\"block-content\"  style=\"aspect-ratio:1\/1\" >\t\r\n\t\t\r\n\t\t\t\t<div class=\"visu-bg\" style=\"background-image:url('https:\/\/www.popterror.com\/wp-content\/uploads\/2024\/10\/art-outdoor-2.jpg');background-size:cover;\"><\/div>\r\n\t\t        \r\n\t\t<!-- CONTENT -->\r\n\t\t\t\t\t\t\t\t\t\r\n\t\t\t<\/div>\r\n<\/div>\r\n    <\/div>\n\n\n\n<div class=\"wp-block-column is-vertically-aligned-stretch is-layout-flow wp-block-column-is-layout-flow\"><div  class=\"keblk keblk-v-align-top keblock-text\"   style=\"\" >\r\n\t\r\n\t\t\r\n\t<div class=\"block-content\">\t\r\n        \t\n\n<p class=\"style-5\">Le projet<\/p>\n\n\n\n<h2 class=\"wp-block-heading style-2\">Cr\u00e9er une proposition artistique originale inspir\u00e9e des codes de la Popculture et de l\u2019univers des Art Toys.<\/h2>\n\n\n\n<div style=\"height:40px\" aria-hidden=\"true\" class=\"wp-block-spacer\"><\/div>\n\n\r\n\t<\/div>\r\n<\/div>\r\n    <\/div>\n<\/div>\n\n                            \r\n        \t<\/div>\r\n<\/div>\r\n    \n\n<div  class=\"keblk keblk-v-align-top light-theme keblock-section-lame responsive    invert bg-none\"   style=\"\"  id=\"\">\r\n\t\r\n\t\t<div class=\"block-content\">\r\n                        \r\n                            \n\n<div class=\"wp-block-columns is-layout-flex wp-container-core-columns-is-layout-28f84493 wp-block-columns-is-layout-flex\">\n<div class=\"wp-block-column is-vertically-aligned-stretch is-layout-flow wp-block-column-is-layout-flow\"><div  class=\"keblk keblk-v-align-top keblock-text padded bg-color bg-color-grey-light\"   style=\"\" >\r\n\t\r\n\t\t\r\n\t<div class=\"block-content\">\t\r\n        \t\n\n<p class=\"style-5\">Popterror s&rsquo;expose<\/p>\n\n\n\n<h2 class=\"wp-block-heading\">SPERA Art Fair,<br>OSAKA Art Fair, PARIS Drouot, Grenoble Art up<\/h2>\n\n\n\n<p class=\"style-5\">En 2025 les sculptures de Popterror sont pr\u00e9sent\u00e9es dans les plus beaux \u00e9v\u00e9nements d&rsquo;art contemporain.<br><br><a href=\"https:\/\/www.popterror.com\/fr\/exhibitions\"><\/a><a href=\"https:\/\/www.popterror.com\/fr\/exhibitions\">D\u00e9couvrir les oeuvres<\/a><\/p>\n\n\r\n\t<\/div>\r\n<\/div>\r\n    <\/div>\n\n\n\n<div class=\"wp-block-column is-vertically-aligned-stretch is-layout-flow wp-block-column-is-layout-flow\"><div  class=\"keblk blkuid-18 keblk-v-align-top keblock-multimedia type-montage\" >\r\n\t\r\n\t\t<div class=\"block-content\"  style=\"aspect-ratio:4\/3\" >\t\r\n\t\t\r\n\t\t\t\t<div class=\"visu-bg\" style=\"\"><\/div>\r\n\t\t        \r\n\t\t<!-- CONTENT -->\r\n\t\t\t\t\t\t\t\t\t\r\n\t\t\t\t\t<div class=\"montage-media nbimg-3 vertical\"><div class=\"imgcell img-1\" style=\"background-image: url('https:\/\/www.popterror.com\/wp-content\/uploads\/2025\/01\/d13-drouot-popterror-08-789x1024.jpg');\"><\/div><div class=\"imgcell img-2\" style=\"background-image: url('https:\/\/www.popterror.com\/wp-content\/uploads\/2025\/01\/d13-drouot-popterror-01-577x1024.jpg');\"><\/div><div class=\"imgcell img-3\" style=\"background-image: url('https:\/\/www.popterror.com\/wp-content\/uploads\/2025\/01\/d13-drouot-popterror-04-768x1024.jpg');\"><\/div><\/div>\r\n\t\t\t<\/div>\r\n<\/div>\r\n    <\/div>\n<\/div>\n\n                            \r\n        \t<\/div>\r\n<\/div>\r\n    \n\n\n<div style=\"height:80px\" aria-hidden=\"true\" class=\"wp-block-spacer\"><\/div>\n\n\n<div  class=\"keblk keblk-v-align-top light-theme keblock-section-lame responsive     bg-color bg-color-white\"   style=\"\"  id=\"\">\r\n\t\r\n\t\t<div class=\"block-content\">\r\n                        \r\n                            \n\n<div class=\"wp-block-columns is-layout-flex wp-container-core-columns-is-layout-28f84493 wp-block-columns-is-layout-flex\">\n<div class=\"wp-block-column is-vertically-aligned-center is-layout-flow wp-block-column-is-layout-flow\"><div  class=\"keblk blkuid-20 keblk-v-align-top montage-eqso keblock-multimedia type-montage\" >\r\n\t\r\n\t\t<div class=\"block-content\"  style=\"aspect-ratio:6\/3\" >\t\r\n\t\t\r\n\t\t\t\t<div class=\"visu-bg\" style=\"\"><\/div>\r\n\t\t        \r\n\t\t<!-- CONTENT -->\r\n\t\t\t\t\t\t\t\t\t\r\n\t\t\t\t\t<div class=\"montage-media nbimg-2 vertical\"><div class=\"imgcell img-1\" style=\"background-image: url('https:\/\/www.popterror.com\/wp-content\/uploads\/2024\/10\/art-indoor-819x1024.jpg');\"><\/div><div class=\"imgcell img-2\" style=\"background-image: url('https:\/\/www.popterror.com\/wp-content\/uploads\/2024\/10\/art-pattern-819x1024.jpg');\"><\/div><\/div>\r\n\t\t\t<\/div>\r\n<\/div>\r\n    <\/div>\n<\/div>\n\n                            \r\n        \t<\/div>\r\n<\/div>\r\n    \n\n\n<div style=\"height:10px\" aria-hidden=\"true\" class=\"wp-block-spacer\"><\/div>\n\n\n<div  class=\"keblk keblk-v-align-top light-theme keblock-section-lame responsive     bg-color bg-color-white\"   style=\"\"  id=\"\">\r\n\t\r\n\t\t<div class=\"block-content\">\r\n                        \r\n                            \n\n<div class=\"wp-block-columns is-layout-flex wp-container-core-columns-is-layout-28f84493 wp-block-columns-is-layout-flex\">\n<div class=\"wp-block-column is-vertically-aligned-center uag-hide-mob is-layout-flow wp-block-column-is-layout-flow\">\n<figure class=\"wp-block-video\"><video height=\"1080\" style=\"aspect-ratio: 2592 \/ 1080;\" width=\"2592\" autoplay loop muted src=\"https:\/\/www.popterror.com\/wp-content\/uploads\/2024\/10\/Trailer-art-site-desktop.mp4\" playsinline><\/video><\/figure>\n<\/div>\n\n\n\n<div class=\"wp-block-column is-vertically-aligned-center uag-hide-desktop uag-hide-tab is-layout-flow wp-block-column-is-layout-flow\">\n<figure class=\"wp-block-video\"><video height=\"1080\" style=\"aspect-ratio: 1350 \/ 1080;\" width=\"1350\" autoplay loop muted src=\"https:\/\/www.popterror.com\/wp-content\/uploads\/2024\/10\/Trailer-art-site-mobile.mp4\" playsinline><\/video><\/figure>\n<\/div>\n<\/div>\n\n                            \r\n        \t<\/div>\r\n<\/div>\r\n    \n\n<div  class=\"keblk keblk-v-align-top light-theme keblock-section-lame responsive     bg-color bg-color-white\"   style=\"\"  id=\"\">\r\n\t\r\n\t\t<div class=\"block-content\">\r\n                        \r\n                            \n\n<div class=\"wp-block-columns is-layout-flex wp-container-core-columns-is-layout-28f84493 wp-block-columns-is-layout-flex\">\n<div class=\"wp-block-column is-vertically-aligned-center is-layout-flow wp-block-column-is-layout-flow\"><div  class=\"keblk blkuid-23 keblk-v-align-top montage-eqso keblock-multimedia type-img\" >\r\n\t\r\n\t\t<div class=\"block-content\"  style=\"aspect-ratio:8\/3\" >\t\r\n\t\t\r\n\t\t\t\t<div class=\"visu-bg\" style=\"background-image:url('https:\/\/www.popterror.com\/wp-content\/uploads\/2024\/10\/collection-eqso-toxiq.jpg');background-size:cover;\"><\/div>\r\n\t\t        \r\n\t\t<!-- CONTENT -->\r\n\t\t\t\t\t\t\t\t\t\r\n\t\t\t<\/div>\r\n<\/div>\r\n    \n\n<div  class=\"keblk keblk-h-align-center keblk-v-align-top keblock-bouton plein\" >\r\n\t\r\n\t\t\r\n\t<div class=\"block-content\">\t\r\n\t\t<a href=\"https:\/\/www.popterror.com\/fr\/le-shop\" target=\"\" class=\"uibt plein black\">\r\n\t\t<span class=\"bt-content\">Visiter le shop<\/span>\r\n\t\t<span class=\"bt-picto\"><\/span>\r\n\t<\/a>\r\n\t\t<\/div>\r\n<\/div>\r\n    <\/div>\n<\/div>\n\n                            \r\n        \t<\/div>\r\n<\/div>\r\n    \n\n\n<div style=\"height:20px\" aria-hidden=\"true\" class=\"wp-block-spacer\"><\/div>\n\n\n<div  class=\"keblk keblk-v-align-top keblock-section-lame responsive     bg-none\"   style=\"\"  id=\"\">\r\n\t\r\n\t\t<div class=\"block-content\">\r\n                        \r\n                            \n\n<div class=\"wp-block-columns is-layout-flex wp-container-core-columns-is-layout-28f84493 wp-block-columns-is-layout-flex\">\n<div class=\"wp-block-column is-vertically-aligned-center is-layout-flow wp-block-column-is-layout-flow\">\n<h2 class=\"wp-block-heading style-1\">.Collabs<\/h2>\n<\/div>\n<\/div>\n\n                            \r\n        \t<\/div>\r\n<\/div>\r\n    \n\n<div  class=\"keblk blkuid-30 keblk-v-align-top keblock-section-lame-multicol responsive    bg-none nbcol-3\"   style=\"\"  >\r\n\r\n\t\t<div class=\"block-content\">    \r\n\t    \n<div  class=\"keblk keblk-v-align-top keblock-conteneur\"   style=\"padding:20px\"  >\r\n\t\r\n\t\r\n\t\t<div class=\"block-content\">\t\t\r\n\t\n\n<div class=\"wp-block-uagb-image uagb-block-46a2ab47 wp-block-uagb-image--layout-default wp-block-uagb-image--effect-static wp-block-uagb-image--align-none\"><figure class=\"wp-block-uagb-image__figure\"><img decoding=\"async\" srcset=\"https:\/\/www.popterror.com\/wp-content\/uploads\/2024\/10\/artwork-vinz-bsqt-683x1024.jpg ,https:\/\/www.popterror.com\/wp-content\/uploads\/2024\/10\/artwork-vinz-bsqt.jpg 780w, https:\/\/www.popterror.com\/wp-content\/uploads\/2024\/10\/artwork-vinz-bsqt.jpg 360w\" sizes=\"auto, (max-width: 480px) 150px\" src=\"https:\/\/www.popterror.com\/wp-content\/uploads\/2024\/10\/artwork-vinz-bsqt-683x1024.jpg\" alt=\"\" class=\"uag-image-2363\" width=\"683\" height=\"1024\" title=\"\" loading=\"lazy\" role=\"presentation\"\/><\/figure><\/div>\n\n\r\n\t<\/div>\r\n\t\t\r\n<\/div>\r\n    \n\n<div  class=\"keblk keblk-v-align-top keblock-conteneur\"   style=\"padding:20px\"  >\r\n\t\r\n\t\r\n\t\t<div class=\"block-content\">\t\t\r\n\t\n\n<div class=\"wp-block-uagb-image uagb-block-3e775276 wp-block-uagb-image--layout-default wp-block-uagb-image--effect-static wp-block-uagb-image--align-none\"><figure class=\"wp-block-uagb-image__figure\"><img decoding=\"async\" srcset=\"https:\/\/www.popterror.com\/wp-content\/uploads\/2024\/10\/artwork-meda-jaune-683x1024.jpg ,https:\/\/www.popterror.com\/wp-content\/uploads\/2024\/10\/artwork-meda-jaune.jpg 780w, https:\/\/www.popterror.com\/wp-content\/uploads\/2024\/10\/artwork-meda-jaune.jpg 360w\" sizes=\"auto, (max-width: 480px) 150px\" src=\"https:\/\/www.popterror.com\/wp-content\/uploads\/2024\/10\/artwork-meda-jaune-683x1024.jpg\" alt=\"\" class=\"uag-image-2359\" width=\"683\" height=\"1024\" title=\"\" loading=\"lazy\" role=\"img\"\/><\/figure><\/div>\n\n\r\n\t<\/div>\r\n\t\t\r\n<\/div>\r\n    \n\n<div  class=\"keblk keblk-v-align-top keblock-conteneur\"   style=\"padding:20px\"  >\r\n\t\r\n\t\r\n\t\t<div class=\"block-content\">\t\t\r\n\t\n\n<div class=\"wp-block-uagb-image uagb-block-7ba0877b wp-block-uagb-image--layout-default wp-block-uagb-image--effect-static wp-block-uagb-image--align-none\"><figure class=\"wp-block-uagb-image__figure\"><img decoding=\"async\" srcset=\"https:\/\/www.popterror.com\/wp-content\/uploads\/2024\/10\/artwork-vinz-auth-683x1024.png ,https:\/\/www.popterror.com\/wp-content\/uploads\/2024\/10\/artwork-vinz-auth.png 780w, https:\/\/www.popterror.com\/wp-content\/uploads\/2024\/10\/artwork-vinz-auth.png 360w\" sizes=\"auto, (max-width: 480px) 150px\" src=\"https:\/\/www.popterror.com\/wp-content\/uploads\/2024\/10\/artwork-vinz-auth-683x1024.png\" alt=\"\" class=\"uag-image-2361\" width=\"683\" height=\"1024\" title=\"\" loading=\"lazy\" role=\"img\"\/><\/figure><\/div>\n\n\r\n\t<\/div>\r\n\t\t\r\n<\/div>\r\n    \n\r\n\t<\/div>\r\n<\/div>\r\n    \n\n<div  class=\"keblk keblk-v-align-top keblock-section-lame responsive_mini is-padded    bg-none\"   style=\"\"  id=\"\">\r\n\t\r\n\t\t<div class=\"block-content\">\r\n                        \r\n                            \n\n<div class=\"wp-block-columns is-layout-flex wp-container-core-columns-is-layout-28f84493 wp-block-columns-is-layout-flex\">\n<div class=\"wp-block-column is-vertically-aligned-center is-layout-flow wp-block-column-is-layout-flow\"><\/div>\n<\/div>\n\n\n\n<p class=\"has-text-align-center style-5\"><a href=\"https:\/\/www.popterror.com\/fr\/collabs\">D\u00e9couvrir les collabs<\/a><\/p>\n\n                            \r\n        \t<\/div>\r\n<\/div>\r\n    ","protected":false},"excerpt":{"rendered":"","protected":false},"author":1,"featured_media":1883,"parent":0,"menu_order":0,"comment_status":"closed","ping_status":"closed","template":"template-homepage.php","meta":{"_acf_changed":false,"inline_featured_image":false,"_uag_custom_page_level_css":"","footnotes":""},"class_list":["post-819","page","type-page","status-publish","has-post-thumbnail","hentry"],"acf":[],"uagb_featured_image_src":{"full":["https:\/\/www.popterror.com\/wp-content\/uploads\/2024\/05\/Share-popterror-2.jpg",1200,675,false],"thumbnail":["https:\/\/www.popterror.com\/wp-content\/uploads\/2024\/05\/Share-popterror-2-150x150.jpg",150,150,true],"medium":["https:\/\/www.popterror.com\/wp-content\/uploads\/2024\/05\/Share-popterror-2-300x169.jpg",300,169,true],"medium_large":["https:\/\/www.popterror.com\/wp-content\/uploads\/2024\/05\/Share-popterror-2-768x432.jpg",768,432,true],"large":["https:\/\/www.popterror.com\/wp-content\/uploads\/2024\/05\/Share-popterror-2-1024x576.jpg",980,551,true],"1536x1536":["https:\/\/www.popterror.com\/wp-content\/uploads\/2024\/05\/Share-popterror-2.jpg",1200,675,false],"2048x2048":["https:\/\/www.popterror.com\/wp-content\/uploads\/2024\/05\/Share-popterror-2.jpg",1200,675,false],"woocommerce_thumbnail":["https:\/\/www.popterror.com\/wp-content\/uploads\/2024\/05\/Share-popterror-2-324x324.jpg",324,324,true],"woocommerce_single":["https:\/\/www.popterror.com\/wp-content\/uploads\/2024\/05\/Share-popterror-2-800x450.jpg",800,450,true],"woocommerce_gallery_thumbnail":["https:\/\/www.popterror.com\/wp-content\/uploads\/2024\/05\/Share-popterror-2-100x100.jpg",100,100,true]},"uagb_author_info":{"display_name":"Webmaster Keblow","author_link":"https:\/\/www.popterror.com\/fr\/author\/keblow"},"uagb_comment_info":0,"uagb_excerpt":null,"_links":{"self":[{"href":"https:\/\/www.popterror.com\/fr\/wp-json\/wp\/v2\/pages\/819","targetHints":{"allow":["GET"]}}],"collection":[{"href":"https:\/\/www.popterror.com\/fr\/wp-json\/wp\/v2\/pages"}],"about":[{"href":"https:\/\/www.popterror.com\/fr\/wp-json\/wp\/v2\/types\/page"}],"author":[{"embeddable":true,"href":"https:\/\/www.popterror.com\/fr\/wp-json\/wp\/v2\/users\/1"}],"replies":[{"embeddable":true,"href":"https:\/\/www.popterror.com\/fr\/wp-json\/wp\/v2\/comments?post=819"}],"version-history":[{"count":70,"href":"https:\/\/www.popterror.com\/fr\/wp-json\/wp\/v2\/pages\/819\/revisions"}],"predecessor-version":[{"id":3206,"href":"https:\/\/www.popterror.com\/fr\/wp-json\/wp\/v2\/pages\/819\/revisions\/3206"}],"wp:featuredmedia":[{"embeddable":true,"href":"https:\/\/www.popterror.com\/fr\/wp-json\/wp\/v2\/media\/1883"}],"wp:attachment":[{"href":"https:\/\/www.popterror.com\/fr\/wp-json\/wp\/v2\/media?parent=819"}],"curies":[{"name":"wp","href":"https:\/\/api.w.org\/{rel}","templated":true}]}}