{"id":1713,"date":"2024-06-10T10:54:48","date_gmt":"2024-06-10T08:54:48","guid":{"rendered":"https:\/\/www.popterror.com\/product\/deep-blue"},"modified":"2025-04-18T09:06:58","modified_gmt":"2025-04-18T07:06:58","slug":"art-toys-deep-blue-et-figurine-art-a-collectionner","status":"publish","type":"product","link":"https:\/\/www.popterror.com\/fr\/produit\/art-toys-deep-blue-et-figurine-art-a-collectionner","title":{"rendered":"Deep blue"},"content":{"rendered":"","protected":false},"excerpt":{"rendered":"<p><span class=\"keb-headings style-4\"><strong>EQSO Initial Series <\/strong><\/span><\/p>\n<p><strong>Deep Blue Limited Edition &#8211; 50 ex (sold out) +100 (2nd edition)<\/strong><\/p>\n<p>Voici le Art Toy original du projet EQSO de Popterror.<br \/>\nUne figurine en vinyle de 12,5 cm de haut.<br \/>\nPr\u00e9sent\u00e9 dans un packaging premium et livr\u00e9 avec un certificat d&rsquo;authenticit\u00e9 sign\u00e9 par les artistes + un sticker offert !<\/p>\n<p>(D\u00e9lai de livraison moyen entre 3 et 7 jours)<\/p>\n<p>&nbsp;<\/p>\n","protected":false},"featured_media":1340,"template":"","meta":{"_acf_changed":false,"inline_featured_image":false,"_uag_custom_page_level_css":""},"product_brand":[],"product_cat":[39],"product_tag":[],"class_list":{"0":"post-1713","1":"product","2":"type-product","3":"status-publish","4":"has-post-thumbnail","6":"product_cat-toys-fr","7":"product_shipping_class-standard-fr","9":"first","10":"outofstock","11":"taxable","12":"shipping-taxable","13":"purchasable","14":"product-type-simple"},"acf":[],"uagb_featured_image_src":{"full":["https:\/\/www.popterror.com\/wp-content\/uploads\/2024\/03\/Pdp-03-1.jpg",1200,1200,false],"thumbnail":["https:\/\/www.popterror.com\/wp-content\/uploads\/2024\/03\/Pdp-03-1-150x150.jpg",150,150,true],"medium":["https:\/\/www.popterror.com\/wp-content\/uploads\/2024\/03\/Pdp-03-1-300x300.jpg",300,300,true],"medium_large":["https:\/\/www.popterror.com\/wp-content\/uploads\/2024\/03\/Pdp-03-1-768x768.jpg",768,768,true],"large":["https:\/\/www.popterror.com\/wp-content\/uploads\/2024\/03\/Pdp-03-1-1024x1024.jpg",980,980,true],"1536x1536":["https:\/\/www.popterror.com\/wp-content\/uploads\/2024\/03\/Pdp-03-1.jpg",1200,1200,false],"2048x2048":["https:\/\/www.popterror.com\/wp-content\/uploads\/2024\/03\/Pdp-03-1.jpg",1200,1200,false],"woocommerce_thumbnail":["https:\/\/www.popterror.com\/wp-content\/uploads\/2024\/03\/Pdp-03-1-324x324.jpg",324,324,true],"woocommerce_single":["https:\/\/www.popterror.com\/wp-content\/uploads\/2024\/03\/Pdp-03-1-800x800.jpg",800,800,true],"woocommerce_gallery_thumbnail":["https:\/\/www.popterror.com\/wp-content\/uploads\/2024\/03\/Pdp-03-1-100x100.jpg",100,100,true]},"uagb_author_info":{"display_name":"Webmaster Keblow","author_link":"https:\/\/www.popterror.com\/fr\/author"},"uagb_comment_info":0,"uagb_excerpt":"EQSO Initial Series Deep Blue Limited Edition - 50 ex (sold out) +100 (2nd edition) Voici le Art Toy original du projet EQSO de Popterror. Une figurine en vinyle de 12,5 cm de haut. Pr\u00e9sent\u00e9 dans un packaging premium et livr\u00e9 avec un certificat d'authenticit\u00e9 sign\u00e9 par les artistes + un sticker offert ! (D\u00e9lai\u2026","_links":{"self":[{"href":"https:\/\/www.popterror.com\/fr\/wp-json\/wp\/v2\/product\/1713","targetHints":{"allow":["GET"]}}],"collection":[{"href":"https:\/\/www.popterror.com\/fr\/wp-json\/wp\/v2\/product"}],"about":[{"href":"https:\/\/www.popterror.com\/fr\/wp-json\/wp\/v2\/types\/product"}],"wp:featuredmedia":[{"embeddable":true,"href":"https:\/\/www.popterror.com\/fr\/wp-json\/wp\/v2\/media\/1340"}],"wp:attachment":[{"href":"https:\/\/www.popterror.com\/fr\/wp-json\/wp\/v2\/media?parent=1713"}],"wp:term":[{"taxonomy":"product_brand","embeddable":true,"href":"https:\/\/www.popterror.com\/fr\/wp-json\/wp\/v2\/product_brand?post=1713"},{"taxonomy":"product_cat","embeddable":true,"href":"https:\/\/www.popterror.com\/fr\/wp-json\/wp\/v2\/product_cat?post=1713"},{"taxonomy":"product_tag","embeddable":true,"href":"https:\/\/www.popterror.com\/fr\/wp-json\/wp\/v2\/product_tag?post=1713"}],"curies":[{"name":"wp","href":"https:\/\/api.w.org\/{rel}","templated":true}]}}