{"id":2095,"date":"2024-06-06T16:37:43","date_gmt":"2024-06-06T14:37:43","guid":{"rendered":"https:\/\/www.popterror.com\/?post_type=product&#038;p=2095"},"modified":"2025-04-18T09:08:15","modified_gmt":"2025-04-18T07:08:15","slug":"meda-xo2","status":"publish","type":"product","link":"https:\/\/www.popterror.com\/fr\/produit\/meda-xo2","title":{"rendered":"MEDA XO2"},"content":{"rendered":"","protected":false},"excerpt":{"rendered":"<h4><strong>EQSO by MEDA affiche originale<\/strong><\/h4>\n<p><strong>Version Pink Lady<\/strong><\/p>\n<p>Une vision cr\u00e9ative de notre univers EQSO par l&rsquo;artiste MEDA<br \/>\nAffiche 42&#215;60 cm (A2)<br \/>\nPapier blanc mat 250g.<\/p>\n<p>Livr\u00e9e roul\u00e9e dans son carton.<\/p>\n<p>Cette \u0153uvre est sign\u00e9e \u00e0 la main par l&rsquo;artiste.<br \/>\nCadre non inclus.<\/p>\n<p><strong><a href=\"https:\/\/www.popterror.com\/fr\/collabs\">Tout savoir sur notre collab avec @hellomeda<\/a><\/strong><\/p>\n<p>&nbsp;<\/p>\n","protected":false},"featured_media":2064,"template":"","meta":{"_acf_changed":false,"inline_featured_image":false,"_uag_custom_page_level_css":""},"product_brand":[],"product_cat":[42],"product_tag":[],"class_list":{"0":"post-2095","1":"product","2":"type-product","3":"status-publish","4":"has-post-thumbnail","6":"product_cat-affiches","7":"product_shipping_class-standard-fr","9":"first","10":"outofstock","11":"taxable","12":"shipping-taxable","13":"purchasable","14":"product-type-simple"},"acf":[],"uagb_featured_image_src":{"full":["https:\/\/www.popterror.com\/wp-content\/uploads\/2024\/06\/affiches-insitu-3-2.jpg",1600,1600,false],"thumbnail":["https:\/\/www.popterror.com\/wp-content\/uploads\/2024\/06\/affiches-insitu-3-2-150x150.jpg",150,150,true],"medium":["https:\/\/www.popterror.com\/wp-content\/uploads\/2024\/06\/affiches-insitu-3-2-300x300.jpg",300,300,true],"medium_large":["https:\/\/www.popterror.com\/wp-content\/uploads\/2024\/06\/affiches-insitu-3-2-768x768.jpg",768,768,true],"large":["https:\/\/www.popterror.com\/wp-content\/uploads\/2024\/06\/affiches-insitu-3-2-1024x1024.jpg",980,980,true],"1536x1536":["https:\/\/www.popterror.com\/wp-content\/uploads\/2024\/06\/affiches-insitu-3-2-1536x1536.jpg",1536,1536,true],"2048x2048":["https:\/\/www.popterror.com\/wp-content\/uploads\/2024\/06\/affiches-insitu-3-2.jpg",1600,1600,false],"woocommerce_thumbnail":["https:\/\/www.popterror.com\/wp-content\/uploads\/2024\/06\/affiches-insitu-3-2-324x324.jpg",324,324,true],"woocommerce_single":["https:\/\/www.popterror.com\/wp-content\/uploads\/2024\/06\/affiches-insitu-3-2-800x800.jpg",800,800,true],"woocommerce_gallery_thumbnail":["https:\/\/www.popterror.com\/wp-content\/uploads\/2024\/06\/affiches-insitu-3-2-100x100.jpg",100,100,true]},"uagb_author_info":{"display_name":"Fred Czysz","author_link":"https:\/\/www.popterror.com\/fr\/author"},"uagb_comment_info":0,"uagb_excerpt":"EQSO by MEDA affiche originale Version Pink Lady Une vision cr\u00e9ative de notre univers EQSO par l'artiste MEDA Affiche 42x60 cm (A2) Papier blanc mat 250g. Livr\u00e9e roul\u00e9e dans son carton. Cette \u0153uvre est sign\u00e9e \u00e0 la main par l'artiste. Cadre non inclus. Tout savoir sur notre collab avec @hellomeda &nbsp;","_links":{"self":[{"href":"https:\/\/www.popterror.com\/fr\/wp-json\/wp\/v2\/product\/2095","targetHints":{"allow":["GET"]}}],"collection":[{"href":"https:\/\/www.popterror.com\/fr\/wp-json\/wp\/v2\/product"}],"about":[{"href":"https:\/\/www.popterror.com\/fr\/wp-json\/wp\/v2\/types\/product"}],"wp:featuredmedia":[{"embeddable":true,"href":"https:\/\/www.popterror.com\/fr\/wp-json\/wp\/v2\/media\/2064"}],"wp:attachment":[{"href":"https:\/\/www.popterror.com\/fr\/wp-json\/wp\/v2\/media?parent=2095"}],"wp:term":[{"taxonomy":"product_brand","embeddable":true,"href":"https:\/\/www.popterror.com\/fr\/wp-json\/wp\/v2\/product_brand?post=2095"},{"taxonomy":"product_cat","embeddable":true,"href":"https:\/\/www.popterror.com\/fr\/wp-json\/wp\/v2\/product_cat?post=2095"},{"taxonomy":"product_tag","embeddable":true,"href":"https:\/\/www.popterror.com\/fr\/wp-json\/wp\/v2\/product_tag?post=2095"}],"curies":[{"name":"wp","href":"https:\/\/api.w.org\/{rel}","templated":true}]}}