{"id":2913,"date":"2025-10-05T17:49:25","date_gmt":"2025-10-05T15:49:25","guid":{"rendered":"https:\/\/www.popterror.com\/?post_type=product&#038;p=2913"},"modified":"2025-11-26T21:12:34","modified_gmt":"2025-11-26T20:12:34","slug":"affiche-a3-red","status":"publish","type":"product","link":"https:\/\/www.popterror.com\/fr\/produit\/affiche-a3-red","title":{"rendered":"Affiche A3 Red"},"content":{"rendered":"","protected":false},"excerpt":{"rendered":"<h4><strong>EQSO SERIES 2 affiche originale<\/strong><\/h4>\n<p><strong>Version XTRA RED\u00a0<\/strong><\/p>\n<p>Notre vision cr\u00e9ative de l&rsquo;univers EQSO Nouvelle collection.<br \/>\nLe poster id\u00e9al pour accompagner votre Art Toy pr\u00e9f\u00e9r\u00e9.<br \/>\nAffiche 30&#215;42 cm (A3)<br \/>\nPapier blanc mat 250g.<\/p>\n<p>Livr\u00e9e roul\u00e9e dans son carton.<br \/>\nCette \u0153uvre est sign\u00e9e \u00e0 la main par l&rsquo;artiste.<br \/>\nCadre non inclus.<\/p>\n<p>&nbsp;<\/p>\n","protected":false},"featured_media":2877,"template":"","meta":{"_acf_changed":false,"inline_featured_image":false,"_uag_custom_page_level_css":""},"product_brand":[],"product_cat":[42],"product_tag":[],"class_list":{"0":"post-2913","1":"product","2":"type-product","3":"status-publish","4":"has-post-thumbnail","6":"product_cat-affiches","7":"product_shipping_class-standard-fr","9":"first","10":"instock","11":"taxable","12":"shipping-taxable","13":"purchasable","14":"product-type-simple"},"acf":[],"uagb_featured_image_src":{"full":["https:\/\/www.popterror.com\/wp-content\/uploads\/2025\/10\/2025-artwork-red-03.jpg",1600,1600,false],"thumbnail":["https:\/\/www.popterror.com\/wp-content\/uploads\/2025\/10\/2025-artwork-red-03-150x150.jpg",150,150,true],"medium":["https:\/\/www.popterror.com\/wp-content\/uploads\/2025\/10\/2025-artwork-red-03-300x300.jpg",300,300,true],"medium_large":["https:\/\/www.popterror.com\/wp-content\/uploads\/2025\/10\/2025-artwork-red-03-768x768.jpg",768,768,true],"large":["https:\/\/www.popterror.com\/wp-content\/uploads\/2025\/10\/2025-artwork-red-03-1024x1024.jpg",980,980,true],"1536x1536":["https:\/\/www.popterror.com\/wp-content\/uploads\/2025\/10\/2025-artwork-red-03-1536x1536.jpg",1536,1536,true],"2048x2048":["https:\/\/www.popterror.com\/wp-content\/uploads\/2025\/10\/2025-artwork-red-03.jpg",1600,1600,false],"woocommerce_thumbnail":["https:\/\/www.popterror.com\/wp-content\/uploads\/2025\/10\/2025-artwork-red-03-324x324.jpg",324,324,true],"woocommerce_single":["https:\/\/www.popterror.com\/wp-content\/uploads\/2025\/10\/2025-artwork-red-03-800x800.jpg",800,800,true],"woocommerce_gallery_thumbnail":["https:\/\/www.popterror.com\/wp-content\/uploads\/2025\/10\/2025-artwork-red-03-100x100.jpg",100,100,true]},"uagb_author_info":{"display_name":"Fred Czysz","author_link":"https:\/\/www.popterror.com\/fr\/author"},"uagb_comment_info":0,"uagb_excerpt":"EQSO SERIES 2 affiche originale Version XTRA RED\u00a0 Notre vision cr\u00e9ative de l'univers EQSO Nouvelle collection. Le poster id\u00e9al pour accompagner votre Art Toy pr\u00e9f\u00e9r\u00e9. Affiche 30x42 cm (A3) Papier blanc mat 250g. Livr\u00e9e roul\u00e9e dans son carton. Cette \u0153uvre est sign\u00e9e \u00e0 la main par l'artiste. Cadre non inclus. &nbsp;","_links":{"self":[{"href":"https:\/\/www.popterror.com\/fr\/wp-json\/wp\/v2\/product\/2913","targetHints":{"allow":["GET"]}}],"collection":[{"href":"https:\/\/www.popterror.com\/fr\/wp-json\/wp\/v2\/product"}],"about":[{"href":"https:\/\/www.popterror.com\/fr\/wp-json\/wp\/v2\/types\/product"}],"wp:featuredmedia":[{"embeddable":true,"href":"https:\/\/www.popterror.com\/fr\/wp-json\/wp\/v2\/media\/2877"}],"wp:attachment":[{"href":"https:\/\/www.popterror.com\/fr\/wp-json\/wp\/v2\/media?parent=2913"}],"wp:term":[{"taxonomy":"product_brand","embeddable":true,"href":"https:\/\/www.popterror.com\/fr\/wp-json\/wp\/v2\/product_brand?post=2913"},{"taxonomy":"product_cat","embeddable":true,"href":"https:\/\/www.popterror.com\/fr\/wp-json\/wp\/v2\/product_cat?post=2913"},{"taxonomy":"product_tag","embeddable":true,"href":"https:\/\/www.popterror.com\/fr\/wp-json\/wp\/v2\/product_tag?post=2913"}],"curies":[{"name":"wp","href":"https:\/\/api.w.org\/{rel}","templated":true}]}}