{"id":2937,"date":"2025-10-13T16:22:43","date_gmt":"2025-10-13T14:22:43","guid":{"rendered":"https:\/\/www.popterror.com\/?post_type=product&#038;p=2937"},"modified":"2026-02-01T17:09:29","modified_gmt":"2026-02-01T16:09:29","slug":"series-2-pack","status":"publish","type":"product","link":"https:\/\/www.popterror.com\/fr\/produit\/series-2-pack","title":{"rendered":"Series 2 Full Pack"},"content":{"rendered":"","protected":false},"excerpt":{"rendered":"<p><span class=\"keb-headings style-4\"><strong>EQSO Series 2 Full Pack<\/strong><\/span><\/p>\n<p><strong>DARK LIGHT + XTRA RED + PURPLE FIRE Limited Edition<br \/>\nLes 3 boites r\u00e9unies \u00e0 prix sp\u00e9cial<\/strong><\/p>\n<p>La nouvelle collection de Art Toys du projet EQSO de Popterror.<br \/>\n3 figurines en vinyle de 12,5 cm de haut.<br \/>\nChacune dans un packaging premium et livr\u00e9e avec un certificat d&rsquo;authenticit\u00e9 sign\u00e9 par les artistes + un sticker offert.<\/p>\n<p>(D\u00e9lai de livraison moyen entre 3 et 7 jours)<\/p>\n<p>&nbsp;<\/p>\n","protected":false},"featured_media":2950,"template":"","meta":{"_acf_changed":false,"inline_featured_image":false,"_uag_custom_page_level_css":""},"product_brand":[],"product_cat":[39],"product_tag":[],"class_list":{"0":"post-2937","1":"product","2":"type-product","3":"status-publish","4":"has-post-thumbnail","6":"product_cat-toys-fr","7":"product_shipping_class-standard-fr","9":"first","10":"instock","11":"taxable","12":"shipping-taxable","13":"purchasable","14":"product-type-simple"},"acf":[],"uagb_featured_image_src":{"full":["https:\/\/www.popterror.com\/wp-content\/uploads\/2025\/10\/2025-eqso-pack-03.jpg",1200,1200,false],"thumbnail":["https:\/\/www.popterror.com\/wp-content\/uploads\/2025\/10\/2025-eqso-pack-03-150x150.jpg",150,150,true],"medium":["https:\/\/www.popterror.com\/wp-content\/uploads\/2025\/10\/2025-eqso-pack-03-300x300.jpg",300,300,true],"medium_large":["https:\/\/www.popterror.com\/wp-content\/uploads\/2025\/10\/2025-eqso-pack-03-768x768.jpg",768,768,true],"large":["https:\/\/www.popterror.com\/wp-content\/uploads\/2025\/10\/2025-eqso-pack-03-1024x1024.jpg",980,980,true],"1536x1536":["https:\/\/www.popterror.com\/wp-content\/uploads\/2025\/10\/2025-eqso-pack-03.jpg",1200,1200,false],"2048x2048":["https:\/\/www.popterror.com\/wp-content\/uploads\/2025\/10\/2025-eqso-pack-03.jpg",1200,1200,false],"woocommerce_thumbnail":["https:\/\/www.popterror.com\/wp-content\/uploads\/2025\/10\/2025-eqso-pack-03-324x324.jpg",324,324,true],"woocommerce_single":["https:\/\/www.popterror.com\/wp-content\/uploads\/2025\/10\/2025-eqso-pack-03-800x800.jpg",800,800,true],"woocommerce_gallery_thumbnail":["https:\/\/www.popterror.com\/wp-content\/uploads\/2025\/10\/2025-eqso-pack-03-100x100.jpg",100,100,true]},"uagb_author_info":{"display_name":"Fred Czysz","author_link":"https:\/\/www.popterror.com\/fr\/author"},"uagb_comment_info":0,"uagb_excerpt":"EQSO Series 2 Full Pack DARK LIGHT + XTRA RED + PURPLE FIRE Limited Edition Les 3 boites r\u00e9unies \u00e0 prix sp\u00e9cial La nouvelle collection de Art Toys du projet EQSO de Popterror. 3 figurines en vinyle de 12,5 cm de haut. Chacune dans un packaging premium et livr\u00e9e avec un certificat d'authenticit\u00e9 sign\u00e9 par\u2026","_links":{"self":[{"href":"https:\/\/www.popterror.com\/fr\/wp-json\/wp\/v2\/product\/2937","targetHints":{"allow":["GET"]}}],"collection":[{"href":"https:\/\/www.popterror.com\/fr\/wp-json\/wp\/v2\/product"}],"about":[{"href":"https:\/\/www.popterror.com\/fr\/wp-json\/wp\/v2\/types\/product"}],"wp:featuredmedia":[{"embeddable":true,"href":"https:\/\/www.popterror.com\/fr\/wp-json\/wp\/v2\/media\/2950"}],"wp:attachment":[{"href":"https:\/\/www.popterror.com\/fr\/wp-json\/wp\/v2\/media?parent=2937"}],"wp:term":[{"taxonomy":"product_brand","embeddable":true,"href":"https:\/\/www.popterror.com\/fr\/wp-json\/wp\/v2\/product_brand?post=2937"},{"taxonomy":"product_cat","embeddable":true,"href":"https:\/\/www.popterror.com\/fr\/wp-json\/wp\/v2\/product_cat?post=2937"},{"taxonomy":"product_tag","embeddable":true,"href":"https:\/\/www.popterror.com\/fr\/wp-json\/wp\/v2\/product_tag?post=2937"}],"curies":[{"name":"wp","href":"https:\/\/api.w.org\/{rel}","templated":true}]}}